{"id":67284,"date":"2023-01-26T17:29:33","date_gmt":"2023-01-26T16:29:33","guid":{"rendered":"https:\/\/fundacioncel.org\/nosotros\/codigos\/"},"modified":"2023-05-16T13:45:00","modified_gmt":"2023-05-16T11:45:00","slug":"codigos","status":"publish","type":"page","link":"https:\/\/fundacioncel.org\/gl\/nos\/codigos\/","title":{"rendered":"C\u00f3digos"},"content":{"rendered":"\t\t<div data-elementor-type=\"wp-page\" data-elementor-id=\"67284\" class=\"elementor elementor-67284 elementor-59139\">\n\t\t\t\t\t\t\t\t\t<section class=\"elementor-section elementor-top-section elementor-element elementor-element-5caf5ac elementor-section-boxed elementor-section-height-default elementor-section-height-default\" data-id=\"5caf5ac\" data-element_type=\"section\" data-settings=\"{&quot;background_background&quot;:&quot;classic&quot;}\">\n\t\t\t\t\t\t<div class=\"elementor-container elementor-column-gap-default\">\n\t\t\t\t\t<div class=\"elementor-column elementor-col-100 elementor-top-column elementor-element elementor-element-93555da\" data-id=\"93555da\" data-element_type=\"column\">\n\t\t\t<div class=\"elementor-widget-wrap elementor-element-populated\">\n\t\t\t\t\t\t\t\t<div class=\"elementor-element elementor-element-0ac4148 elementor-widget elementor-widget-heading\" data-id=\"0ac4148\" data-element_type=\"widget\" data-widget_type=\"heading.default\">\n\t\t\t\t<div class=\"elementor-widget-container\">\n\t\t\t<style>\/*! elementor - v3.10.1 - 17-01-2023 *\/\n.elementor-heading-title{padding:0;margin:0;line-height:1}.elementor-widget-heading .elementor-heading-title[class*=elementor-size-]>a{color:inherit;font-size:inherit;line-height:inherit}.elementor-widget-heading .elementor-heading-title.elementor-size-small{font-size:15px}.elementor-widget-heading .elementor-heading-title.elementor-size-medium{font-size:19px}.elementor-widget-heading .elementor-heading-title.elementor-size-large{font-size:29px}.elementor-widget-heading .elementor-heading-title.elementor-size-xl{font-size:39px}.elementor-widget-heading .elementor-heading-title.elementor-size-xxl{font-size:59px}<\/style><h1 class=\"elementor-heading-title elementor-size-default\">C\u00f3digos de Bo Goberno<\/h1>\t\t<\/div>\n\t\t\t\t<\/div>\n\t\t\t\t<div class=\"elementor-element elementor-element-38cd9f7 elementor-widget elementor-widget-text-editor\" data-id=\"38cd9f7\" data-element_type=\"widget\" data-widget_type=\"text-editor.default\">\n\t\t\t\t<div class=\"elementor-widget-container\">\n\t\t\t<style>\/*! elementor - v3.10.1 - 17-01-2023 *\/\n.elementor-widget-text-editor.elementor-drop-cap-view-stacked .elementor-drop-cap{background-color:#818a91;color:#fff}.elementor-widget-text-editor.elementor-drop-cap-view-framed .elementor-drop-cap{color:#818a91;border:3px solid;background-color:transparent}.elementor-widget-text-editor:not(.elementor-drop-cap-view-default) .elementor-drop-cap{margin-top:8px}.elementor-widget-text-editor:not(.elementor-drop-cap-view-default) .elementor-drop-cap-letter{width:1em;height:1em}.elementor-widget-text-editor .elementor-drop-cap{float:left;text-align:center;line-height:1;font-size:50px}.elementor-widget-text-editor .elementor-drop-cap-letter{display:inline-block}<\/style>\t\t\t\t<p style=\"text-align: center;\">A direcci\u00f3n da FCEL ten a facultade de aprobar e facer efectiva a implantaci\u00f3n daqueles c\u00f3digos de Bo Goberno e regulamentos de r\u00e9xime interior que estime oportuno co fin de asegurar o bo goberno da instituci\u00f3n.<\/p>\t\t\t\t\t\t<\/div>\n\t\t\t\t<\/div>\n\t\t\t\t\t<\/div>\n\t\t<\/div>\n\t\t\t\t\t\t\t<\/div>\n\t\t<\/section>\n\t\t\t\t<section class=\"elementor-section elementor-top-section elementor-element elementor-element-9287a53 elementor-section-boxed elementor-section-height-default elementor-section-height-default\" data-id=\"9287a53\" data-element_type=\"section\">\n\t\t\t\t\t\t<div class=\"elementor-container elementor-column-gap-default\">\n\t\t\t\t\t<div class=\"elementor-column elementor-col-33 elementor-top-column elementor-element elementor-element-3b2ca6f\" data-id=\"3b2ca6f\" data-element_type=\"column\">\n\t\t\t<div class=\"elementor-widget-wrap elementor-element-populated\">\n\t\t\t\t\t\t\t\t<section class=\"elementor-section elementor-inner-section elementor-element elementor-element-3bde6e2 elementor-section-boxed elementor-section-height-default elementor-section-height-default\" data-id=\"3bde6e2\" data-element_type=\"section\">\n\t\t\t\t\t\t<div class=\"elementor-container elementor-column-gap-default\">\n\t\t\t\t\t<div class=\"elementor-column elementor-col-100 elementor-inner-column elementor-element elementor-element-1e49d63\" data-id=\"1e49d63\" data-element_type=\"column\">\n\t\t\t<div class=\"elementor-widget-wrap elementor-element-populated\">\n\t\t\t\t\t\t\t\t<div class=\"elementor-element elementor-element-80d2e34 elementor-widget elementor-widget-heading\" data-id=\"80d2e34\" data-element_type=\"widget\" data-widget_type=\"heading.default\">\n\t\t\t\t<div class=\"elementor-widget-container\">\n\t\t\t<h4 class=\"elementor-heading-title elementor-size-default\"><a href=\"https:\/\/fundacioncel.org\/gl\/nos\/nosa-historia\/\">Historia<\/a><\/h4>\t\t<\/div>\n\t\t\t\t<\/div>\n\t\t\t\t<div class=\"elementor-element elementor-element-6c6537e elementor-widget elementor-widget-heading\" data-id=\"6c6537e\" data-element_type=\"widget\" data-widget_type=\"heading.default\">\n\t\t\t\t<div class=\"elementor-widget-container\">\n\t\t\t<h4 class=\"elementor-heading-title elementor-size-default\">Goberno<\/h4>\t\t<\/div>\n\t\t\t\t<\/div>\n\t\t\t\t<div class=\"elementor-element elementor-element-81cdf1b elementor-widget elementor-widget-heading\" data-id=\"81cdf1b\" data-element_type=\"widget\" data-widget_type=\"heading.default\">\n\t\t\t\t<div class=\"elementor-widget-container\">\n\t\t\t<h5 class=\"elementor-heading-title elementor-size-default\"><a href=\"https:\/\/fundacioncel.org\/gl\/nos\/mision-e-vision\/\">Misi\u00f3n e Visi\u00f3n<\/a><\/h5>\t\t<\/div>\n\t\t\t\t<\/div>\n\t\t\t\t<div class=\"elementor-element elementor-element-21fefb9 elementor-widget elementor-widget-heading\" data-id=\"21fefb9\" data-element_type=\"widget\" data-widget_type=\"heading.default\">\n\t\t\t\t<div class=\"elementor-widget-container\">\n\t\t\t<h5 class=\"elementor-heading-title elementor-size-default\"><a href=\"https:\/\/fundacioncel.org\/gl\/nos\/valores\/\">Valores<\/a><\/h5>\t\t<\/div>\n\t\t\t\t<\/div>\n\t\t\t\t<div class=\"elementor-element elementor-element-b08b4ff elementor-widget elementor-widget-heading\" data-id=\"b08b4ff\" data-element_type=\"widget\" data-widget_type=\"heading.default\">\n\t\t\t\t<div class=\"elementor-widget-container\">\n\t\t\t<h5 class=\"elementor-heading-title elementor-size-default\"><a href=\"https:\/\/fundacioncel.org\/gl\/nos\/estatutos\/\">Estatutos<\/a><\/h5>\t\t<\/div>\n\t\t\t\t<\/div>\n\t\t\t\t<div class=\"elementor-element elementor-element-c2fed4a elementor-widget elementor-widget-heading\" data-id=\"c2fed4a\" data-element_type=\"widget\" data-widget_type=\"heading.default\">\n\t\t\t\t<div class=\"elementor-widget-container\">\n\t\t\t<h5 class=\"elementor-heading-title elementor-size-default\"><a href=\"https:\/\/fundacioncel.org\/gl\/nos\/patronato-e-direccion\/\">Padroado e Direcci\u00f3n<\/a><\/h5>\t\t<\/div>\n\t\t\t\t<\/div>\n\t\t\t\t<div class=\"elementor-element elementor-element-7046e00 elementor-widget elementor-widget-heading\" data-id=\"7046e00\" data-element_type=\"widget\" data-widget_type=\"heading.default\">\n\t\t\t\t<div class=\"elementor-widget-container\">\n\t\t\t<h5 class=\"elementor-heading-title elementor-size-default\"><a href=\"https:\/\/fundacioncel.org\/gl\/nos\/codigos\/\">C\u00f3digos de Bo Goberno<\/a><\/h5>\t\t<\/div>\n\t\t\t\t<\/div>\n\t\t\t\t<div class=\"elementor-element elementor-element-f935d94 elementor-widget elementor-widget-heading\" data-id=\"f935d94\" data-element_type=\"widget\" data-widget_type=\"heading.default\">\n\t\t\t\t<div class=\"elementor-widget-container\">\n\t\t\t<h6 class=\"elementor-heading-title elementor-size-default\"><a href=\"https:\/\/fundacioncel.org\/gl\/nos\/codigo-bo-goberno\/\">C\u00f3digo de Conduta da Fundaci\u00f3n<\/a><\/h6>\t\t<\/div>\n\t\t\t\t<\/div>\n\t\t\t\t<div class=\"elementor-element elementor-element-2885633 elementor-widget elementor-widget-heading\" data-id=\"2885633\" data-element_type=\"widget\" data-widget_type=\"heading.default\">\n\t\t\t\t<div class=\"elementor-widget-container\">\n\t\t\t<h6 class=\"elementor-heading-title elementor-size-default\"><a href=\"https:\/\/fundacioncel.org\/gl\/nos\/codigo-conduta-emprendedores\/\">C\u00f3digo de Conduta de Emprendedores<\/a><\/h6>\t\t<\/div>\n\t\t\t\t<\/div>\n\t\t\t\t<div class=\"elementor-element elementor-element-5c9b351 elementor-widget elementor-widget-heading\" data-id=\"5c9b351\" data-element_type=\"widget\" data-widget_type=\"heading.default\">\n\t\t\t\t<div class=\"elementor-widget-container\">\n\t\t\t<h6 class=\"elementor-heading-title elementor-size-default\"><a href=\"https:\/\/fundacioncel.org\/gl\/nos\/codigo-conduta-proveedores\/\">C\u00f3digo de Conduta de Provedores<\/a><\/h6>\t\t<\/div>\n\t\t\t\t<\/div>\n\t\t\t\t\t<\/div>\n\t\t<\/div>\n\t\t\t\t\t\t\t<\/div>\n\t\t<\/section>\n\t\t\t\t\t<\/div>\n\t\t<\/div>\n\t\t\t\t<div class=\"elementor-column elementor-col-66 elementor-top-column elementor-element elementor-element-d2d56a5\" data-id=\"d2d56a5\" data-element_type=\"column\" data-settings=\"{&quot;background_background&quot;:&quot;classic&quot;}\">\n\t\t\t<div class=\"elementor-widget-wrap elementor-element-populated\">\n\t\t\t\t\t\t\t\t<section class=\"elementor-section elementor-inner-section elementor-element elementor-element-1f4bf6d elementor-section-boxed elementor-section-height-default elementor-section-height-default\" data-id=\"1f4bf6d\" data-element_type=\"section\">\n\t\t\t\t\t\t<div class=\"elementor-container elementor-column-gap-default\">\n\t\t\t\t\t<div class=\"elementor-column elementor-col-100 elementor-inner-column elementor-element elementor-element-59ba9b2\" data-id=\"59ba9b2\" data-element_type=\"column\">\n\t\t\t<div class=\"elementor-widget-wrap elementor-element-populated\">\n\t\t\t\t\t\t\t\t<div class=\"elementor-element elementor-element-1af824f hover-up elementor-view-default elementor-vertical-align-top elementor-widget elementor-widget-icon-box\" data-id=\"1af824f\" data-element_type=\"widget\" data-widget_type=\"icon-box.default\">\n\t\t\t\t<div class=\"elementor-widget-container\">\n\t\t\t<link rel=\"stylesheet\" href=\"https:\/\/fundacioncel.org\/wp-content\/plugins\/elementor\/assets\/css\/widget-icon-box.min.css\">\t\t<div class=\"elementor-icon-box-wrapper\">\n\t\t\t\t\t\t<div class=\"elementor-icon-box-content\">\n\t\t\t\t<h3 class=\"elementor-icon-box-title\">\n\t\t\t\t\t<a href=\"https:\/\/fundacioncel.org\/gl\/nos\/codigo-bo-goberno\/\" >\n\t\t\t\t\t\tC\u00f3digo de Conduta da Fundaci\u00f3n\t\t\t\t\t<\/a>\n\t\t\t\t<\/h3>\n\t\t\t\t\t\t\t<\/div>\n\t\t<\/div>\n\t\t\t\t<\/div>\n\t\t\t\t<\/div>\n\t\t\t\t<div class=\"elementor-element elementor-element-3cf20e1 hover-up elementor-view-default elementor-vertical-align-top elementor-widget elementor-widget-icon-box\" data-id=\"3cf20e1\" data-element_type=\"widget\" data-widget_type=\"icon-box.default\">\n\t\t\t\t<div class=\"elementor-widget-container\">\n\t\t\t\t\t<div class=\"elementor-icon-box-wrapper\">\n\t\t\t\t\t\t<div class=\"elementor-icon-box-content\">\n\t\t\t\t<h3 class=\"elementor-icon-box-title\">\n\t\t\t\t\t<a href=\"https:\/\/fundacioncel.org\/gl\/nos\/codigo-conduta-emprendedores\/\" >\n\t\t\t\t\t\tC\u00f3digo de Conduta de Emprendedores\t\t\t\t\t<\/a>\n\t\t\t\t<\/h3>\n\t\t\t\t\t\t\t<\/div>\n\t\t<\/div>\n\t\t\t\t<\/div>\n\t\t\t\t<\/div>\n\t\t\t\t<div class=\"elementor-element elementor-element-57a8a0e hover-up elementor-view-default elementor-vertical-align-top elementor-widget elementor-widget-icon-box\" data-id=\"57a8a0e\" data-element_type=\"widget\" data-widget_type=\"icon-box.default\">\n\t\t\t\t<div class=\"elementor-widget-container\">\n\t\t\t\t\t<div class=\"elementor-icon-box-wrapper\">\n\t\t\t\t\t\t<div class=\"elementor-icon-box-content\">\n\t\t\t\t<h3 class=\"elementor-icon-box-title\">\n\t\t\t\t\t<a href=\"https:\/\/fundacioncel.org\/gl\/nos\/codigo-conduta-proveedores\/\" >\n\t\t\t\t\t\tC\u00f3digo de Conduta de Provedores\t\t\t\t\t<\/a>\n\t\t\t\t<\/h3>\n\t\t\t\t\t\t\t<\/div>\n\t\t<\/div>\n\t\t\t\t<\/div>\n\t\t\t\t<\/div>\n\t\t\t\t\t<\/div>\n\t\t<\/div>\n\t\t\t\t\t\t\t<\/div>\n\t\t<\/section>\n\t\t\t\t\t<\/div>\n\t\t<\/div>\n\t\t\t\t\t\t\t<\/div>\n\t\t<\/section>\n\t\t\t\t<section class=\"elementor-section elementor-top-section elementor-element elementor-element-26eeb45 elementor-section-boxed elementor-section-height-default elementor-section-height-default\" data-id=\"26eeb45\" data-element_type=\"section\">\n\t\t\t\t\t\t<div class=\"elementor-container elementor-column-gap-default\">\n\t\t\t\t\t<div class=\"elementor-column elementor-col-100 elementor-top-column elementor-element elementor-element-7ef41e2\" data-id=\"7ef41e2\" data-element_type=\"column\">\n\t\t\t<div class=\"elementor-widget-wrap\">\n\t\t\t\t\t\t\t\t\t<\/div>\n\t\t<\/div>\n\t\t\t\t\t\t\t<\/div>\n\t\t<\/section>\n\t\t\t\t\t\t\t<\/div>\n\t\t","protected":false},"excerpt":{"rendered":"<p>C\u00f3digos de Bo Goberno A direcci\u00f3n da FCEL ten a facultade de aprobar e facer efectiva a implantaci\u00f3n daqueles c\u00f3digos de Bo Goberno e regulamentos de r\u00e9xime interior que estime oportuno co fin de asegurar o bo goberno da instituci\u00f3n. Historia Goberno Misi\u00f3n e Visi\u00f3n Valores Estatutos Padroado e Direcci\u00f3n C\u00f3digos de Bo Goberno C\u00f3digo&#8230;<\/p>\n","protected":false},"author":3,"featured_media":0,"parent":67250,"menu_order":0,"comment_status":"closed","ping_status":"closed","template":"elementor_header_footer","meta":[],"acf":[],"yoast_head":"<!-- This site is optimized with the Yoast SEO plugin v20.7 - https:\/\/yoast.com\/wordpress\/plugins\/seo\/ -->\n<title>C\u00f3digos de Buen Gobierno - FCEL<\/title>\n<meta name=\"description\" content=\"Los c\u00f3digos de Buen Gobierno y reglamentos de r\u00e9gimen interior que aseguran el buen gobierno de la instituci\u00f3n.\" \/>\n<meta name=\"robots\" content=\"index, follow, max-snippet:-1, max-image-preview:large, max-video-preview:-1\" \/>\n<link rel=\"canonical\" href=\"https:\/\/fundacioncel.org\/gl\/nos\/codigos\/\" \/>\n<meta property=\"og:locale\" content=\"gl_ES\" \/>\n<meta property=\"og:type\" content=\"article\" \/>\n<meta property=\"og:title\" content=\"C\u00f3digos de Buen Gobierno - FCEL\" \/>\n<meta property=\"og:description\" content=\"Los c\u00f3digos de Buen Gobierno y reglamentos de r\u00e9gimen interior que aseguran el buen gobierno de la instituci\u00f3n.\" \/>\n<meta property=\"og:url\" content=\"https:\/\/fundacioncel.org\/gl\/nos\/codigos\/\" \/>\n<meta property=\"og:site_name\" content=\"FCEL\" \/>\n<meta property=\"article:publisher\" content=\"https:\/\/www.facebook.com\/fundacioncel\" \/>\n<meta property=\"article:modified_time\" content=\"2023-05-16T11:45:00+00:00\" \/>\n<meta name=\"twitter:card\" content=\"summary_large_image\" \/>\n<meta name=\"twitter:site\" content=\"@FUNDACION_CEL\" \/>\n<meta name=\"twitter:label1\" content=\"Tempo de lectura\" \/>\n\t<meta name=\"twitter:data1\" content=\"1 minuto\" \/>\n<script type=\"application\/ld+json\" class=\"yoast-schema-graph\">{\"@context\":\"https:\/\/schema.org\",\"@graph\":[{\"@type\":\"WebPage\",\"@id\":\"https:\/\/fundacioncel.org\/gl\/nos\/codigos\/\",\"url\":\"https:\/\/fundacioncel.org\/gl\/nos\/codigos\/\",\"name\":\"C\u00f3digos de Buen Gobierno - FCEL\",\"isPartOf\":{\"@id\":\"https:\/\/fundacioncel.org\/gl\/#website\"},\"datePublished\":\"2023-01-26T16:29:33+00:00\",\"dateModified\":\"2023-05-16T11:45:00+00:00\",\"description\":\"Los c\u00f3digos de Buen Gobierno y reglamentos de r\u00e9gimen interior que aseguran el buen gobierno de la instituci\u00f3n.\",\"breadcrumb\":{\"@id\":\"https:\/\/fundacioncel.org\/gl\/nos\/codigos\/#breadcrumb\"},\"inLanguage\":\"gl-ES\",\"potentialAction\":[{\"@type\":\"ReadAction\",\"target\":[\"https:\/\/fundacioncel.org\/gl\/nos\/codigos\/\"]}]},{\"@type\":\"BreadcrumbList\",\"@id\":\"https:\/\/fundacioncel.org\/gl\/nos\/codigos\/#breadcrumb\",\"itemListElement\":[{\"@type\":\"ListItem\",\"position\":1,\"name\":\"N\u00f3s\",\"item\":\"https:\/\/fundacioncel.org\/gl\/nos\/\"},{\"@type\":\"ListItem\",\"position\":2,\"name\":\"C\u00f3digos\"}]},{\"@type\":\"WebSite\",\"@id\":\"https:\/\/fundacioncel.org\/gl\/#website\",\"url\":\"https:\/\/fundacioncel.org\/gl\/\",\"name\":\"FCEL\",\"description\":\"Fomentamos el esp\u00edritu emprendedor\",\"publisher\":{\"@id\":\"https:\/\/fundacioncel.org\/gl\/#organization\"},\"potentialAction\":[{\"@type\":\"SearchAction\",\"target\":{\"@type\":\"EntryPoint\",\"urlTemplate\":\"https:\/\/fundacioncel.org\/gl\/?s={search_term_string}\"},\"query-input\":\"required name=search_term_string\"}],\"inLanguage\":\"gl-ES\"},{\"@type\":\"Organization\",\"@id\":\"https:\/\/fundacioncel.org\/gl\/#organization\",\"name\":\"FCEL\",\"url\":\"https:\/\/fundacioncel.org\/gl\/\",\"logo\":{\"@type\":\"ImageObject\",\"inLanguage\":\"gl-ES\",\"@id\":\"https:\/\/fundacioncel.org\/gl\/#\/schema\/logo\/image\/\",\"url\":\"https:\/\/fundacioncel.org\/wp-content\/uploads\/2022\/09\/logo-fcel.png\",\"contentUrl\":\"https:\/\/fundacioncel.org\/wp-content\/uploads\/2022\/09\/logo-fcel.png\",\"width\":456,\"height\":138,\"caption\":\"FCEL\"},\"image\":{\"@id\":\"https:\/\/fundacioncel.org\/gl\/#\/schema\/logo\/image\/\"},\"sameAs\":[\"https:\/\/www.facebook.com\/fundacioncel\",\"https:\/\/twitter.com\/FUNDACION_CEL\",\"https:\/\/www.linkedin.com\/company\/fundaci-n-cel---iniciativas-por-lugo\",\"https:\/\/www.instagram.com\/fcel1997\/\"]}]}<\/script>\n<!-- \/ Yoast SEO plugin. -->","yoast_head_json":{"title":"C\u00f3digos de Buen Gobierno - FCEL","description":"Los c\u00f3digos de Buen Gobierno y reglamentos de r\u00e9gimen interior que aseguran el buen gobierno de la instituci\u00f3n.","robots":{"index":"index","follow":"follow","max-snippet":"max-snippet:-1","max-image-preview":"max-image-preview:large","max-video-preview":"max-video-preview:-1"},"canonical":"https:\/\/fundacioncel.org\/gl\/nos\/codigos\/","og_locale":"gl_ES","og_type":"article","og_title":"C\u00f3digos de Buen Gobierno - FCEL","og_description":"Los c\u00f3digos de Buen Gobierno y reglamentos de r\u00e9gimen interior que aseguran el buen gobierno de la instituci\u00f3n.","og_url":"https:\/\/fundacioncel.org\/gl\/nos\/codigos\/","og_site_name":"FCEL","article_publisher":"https:\/\/www.facebook.com\/fundacioncel","article_modified_time":"2023-05-16T11:45:00+00:00","twitter_card":"summary_large_image","twitter_site":"@FUNDACION_CEL","twitter_misc":{"Tempo de lectura":"1 minuto"},"schema":{"@context":"https:\/\/schema.org","@graph":[{"@type":"WebPage","@id":"https:\/\/fundacioncel.org\/gl\/nos\/codigos\/","url":"https:\/\/fundacioncel.org\/gl\/nos\/codigos\/","name":"C\u00f3digos de Buen Gobierno - FCEL","isPartOf":{"@id":"https:\/\/fundacioncel.org\/gl\/#website"},"datePublished":"2023-01-26T16:29:33+00:00","dateModified":"2023-05-16T11:45:00+00:00","description":"Los c\u00f3digos de Buen Gobierno y reglamentos de r\u00e9gimen interior que aseguran el buen gobierno de la instituci\u00f3n.","breadcrumb":{"@id":"https:\/\/fundacioncel.org\/gl\/nos\/codigos\/#breadcrumb"},"inLanguage":"gl-ES","potentialAction":[{"@type":"ReadAction","target":["https:\/\/fundacioncel.org\/gl\/nos\/codigos\/"]}]},{"@type":"BreadcrumbList","@id":"https:\/\/fundacioncel.org\/gl\/nos\/codigos\/#breadcrumb","itemListElement":[{"@type":"ListItem","position":1,"name":"N\u00f3s","item":"https:\/\/fundacioncel.org\/gl\/nos\/"},{"@type":"ListItem","position":2,"name":"C\u00f3digos"}]},{"@type":"WebSite","@id":"https:\/\/fundacioncel.org\/gl\/#website","url":"https:\/\/fundacioncel.org\/gl\/","name":"FCEL","description":"Fomentamos el esp\u00edritu emprendedor","publisher":{"@id":"https:\/\/fundacioncel.org\/gl\/#organization"},"potentialAction":[{"@type":"SearchAction","target":{"@type":"EntryPoint","urlTemplate":"https:\/\/fundacioncel.org\/gl\/?s={search_term_string}"},"query-input":"required name=search_term_string"}],"inLanguage":"gl-ES"},{"@type":"Organization","@id":"https:\/\/fundacioncel.org\/gl\/#organization","name":"FCEL","url":"https:\/\/fundacioncel.org\/gl\/","logo":{"@type":"ImageObject","inLanguage":"gl-ES","@id":"https:\/\/fundacioncel.org\/gl\/#\/schema\/logo\/image\/","url":"https:\/\/fundacioncel.org\/wp-content\/uploads\/2022\/09\/logo-fcel.png","contentUrl":"https:\/\/fundacioncel.org\/wp-content\/uploads\/2022\/09\/logo-fcel.png","width":456,"height":138,"caption":"FCEL"},"image":{"@id":"https:\/\/fundacioncel.org\/gl\/#\/schema\/logo\/image\/"},"sameAs":["https:\/\/www.facebook.com\/fundacioncel","https:\/\/twitter.com\/FUNDACION_CEL","https:\/\/www.linkedin.com\/company\/fundaci-n-cel---iniciativas-por-lugo","https:\/\/www.instagram.com\/fcel1997\/"]}]}},"_links":{"self":[{"href":"https:\/\/fundacioncel.org\/gl\/wp-json\/wp\/v2\/pages\/67284"}],"collection":[{"href":"https:\/\/fundacioncel.org\/gl\/wp-json\/wp\/v2\/pages"}],"about":[{"href":"https:\/\/fundacioncel.org\/gl\/wp-json\/wp\/v2\/types\/page"}],"author":[{"embeddable":true,"href":"https:\/\/fundacioncel.org\/gl\/wp-json\/wp\/v2\/users\/3"}],"replies":[{"embeddable":true,"href":"https:\/\/fundacioncel.org\/gl\/wp-json\/wp\/v2\/comments?post=67284"}],"version-history":[{"count":13,"href":"https:\/\/fundacioncel.org\/gl\/wp-json\/wp\/v2\/pages\/67284\/revisions"}],"predecessor-version":[{"id":67788,"href":"https:\/\/fundacioncel.org\/gl\/wp-json\/wp\/v2\/pages\/67284\/revisions\/67788"}],"up":[{"embeddable":true,"href":"https:\/\/fundacioncel.org\/gl\/wp-json\/wp\/v2\/pages\/67250"}],"wp:attachment":[{"href":"https:\/\/fundacioncel.org\/gl\/wp-json\/wp\/v2\/media?parent=67284"}],"curies":[{"name":"wp","href":"https:\/\/api.w.org\/{rel}","templated":true}]}}