{"id":67276,"date":"2023-01-18T16:28:27","date_gmt":"2023-01-18T15:28:27","guid":{"rendered":"https:\/\/fundacioncel.org\/nosotros\/nuestra-historia\/"},"modified":"2023-05-16T13:42:34","modified_gmt":"2023-05-16T11:42:34","slug":"nosa-historia","status":"publish","type":"page","link":"https:\/\/fundacioncel.org\/gl\/nos\/nosa-historia\/","title":{"rendered":"A nosa historia"},"content":{"rendered":"\t\t<div data-elementor-type=\"wp-page\" data-elementor-id=\"67276\" class=\"elementor elementor-67276 elementor-58137\">\n\t\t\t\t\t\t\t\t\t<section class=\"elementor-section elementor-top-section elementor-element elementor-element-b510597 elementor-section-boxed elementor-section-height-default elementor-section-height-default\" data-id=\"b510597\" data-element_type=\"section\" data-settings=\"{&quot;background_background&quot;:&quot;classic&quot;}\">\n\t\t\t\t\t\t<div class=\"elementor-container elementor-column-gap-default\">\n\t\t\t\t\t<div class=\"elementor-column elementor-col-100 elementor-top-column elementor-element elementor-element-3e4e697\" data-id=\"3e4e697\" data-element_type=\"column\">\n\t\t\t<div class=\"elementor-widget-wrap elementor-element-populated\">\n\t\t\t\t\t\t\t\t<div class=\"elementor-element elementor-element-1ad33b1 elementor-widget elementor-widget-heading\" data-id=\"1ad33b1\" data-element_type=\"widget\" data-widget_type=\"heading.default\">\n\t\t\t\t<div class=\"elementor-widget-container\">\n\t\t\t<style>\/*! elementor - v3.10.1 - 17-01-2023 *\/\n.elementor-heading-title{padding:0;margin:0;line-height:1}.elementor-widget-heading .elementor-heading-title[class*=elementor-size-]>a{color:inherit;font-size:inherit;line-height:inherit}.elementor-widget-heading .elementor-heading-title.elementor-size-small{font-size:15px}.elementor-widget-heading .elementor-heading-title.elementor-size-medium{font-size:19px}.elementor-widget-heading .elementor-heading-title.elementor-size-large{font-size:29px}.elementor-widget-heading .elementor-heading-title.elementor-size-xl{font-size:39px}.elementor-widget-heading .elementor-heading-title.elementor-size-xxl{font-size:59px}<\/style><h1 class=\"elementor-heading-title elementor-size-default\">A nosa Historia<\/h1>\t\t<\/div>\n\t\t\t\t<\/div>\n\t\t\t\t<div class=\"elementor-element elementor-element-2af8b82 elementor-widget elementor-widget-text-editor\" data-id=\"2af8b82\" data-element_type=\"widget\" data-widget_type=\"text-editor.default\">\n\t\t\t\t<div class=\"elementor-widget-container\">\n\t\t\t<style>\/*! elementor - v3.10.1 - 17-01-2023 *\/\n.elementor-widget-text-editor.elementor-drop-cap-view-stacked .elementor-drop-cap{background-color:#818a91;color:#fff}.elementor-widget-text-editor.elementor-drop-cap-view-framed .elementor-drop-cap{color:#818a91;border:3px solid;background-color:transparent}.elementor-widget-text-editor:not(.elementor-drop-cap-view-default) .elementor-drop-cap{margin-top:8px}.elementor-widget-text-editor:not(.elementor-drop-cap-view-default) .elementor-drop-cap-letter{width:1em;height:1em}.elementor-widget-text-editor .elementor-drop-cap{float:left;text-align:center;line-height:1;font-size:50px}.elementor-widget-text-editor .elementor-drop-cap-letter{display:inline-block}<\/style>\t\t\t\t<p>Sab\u00edas que levamos apoiando ao emprendedor m\u00e1is de 25 anos? Co\u00f1ece os principais fitos da nosa historia.<\/p>\t\t\t\t\t\t<\/div>\n\t\t\t\t<\/div>\n\t\t\t\t\t<\/div>\n\t\t<\/div>\n\t\t\t\t\t\t\t<\/div>\n\t\t<\/section>\n\t\t\t\t<section class=\"elementor-section elementor-top-section elementor-element elementor-element-e160156 elementor-section-boxed elementor-section-height-default elementor-section-height-default\" data-id=\"e160156\" data-element_type=\"section\">\n\t\t\t\t\t\t<div class=\"elementor-container elementor-column-gap-default\">\n\t\t\t\t\t<div class=\"elementor-column elementor-col-33 elementor-top-column elementor-element elementor-element-d9cd3a7\" data-id=\"d9cd3a7\" data-element_type=\"column\">\n\t\t\t<div class=\"elementor-widget-wrap elementor-element-populated\">\n\t\t\t\t\t\t\t\t<section class=\"elementor-section elementor-inner-section elementor-element elementor-element-f39ad9c elementor-section-boxed elementor-section-height-default elementor-section-height-default\" data-id=\"f39ad9c\" data-element_type=\"section\">\n\t\t\t\t\t\t<div class=\"elementor-container elementor-column-gap-default\">\n\t\t\t\t\t<div class=\"elementor-column elementor-col-100 elementor-inner-column elementor-element elementor-element-116494a\" data-id=\"116494a\" data-element_type=\"column\">\n\t\t\t<div class=\"elementor-widget-wrap elementor-element-populated\">\n\t\t\t\t\t\t\t\t<div class=\"elementor-element elementor-element-39f1c54 elementor-widget elementor-widget-heading\" data-id=\"39f1c54\" data-element_type=\"widget\" data-widget_type=\"heading.default\">\n\t\t\t\t<div class=\"elementor-widget-container\">\n\t\t\t<h4 class=\"elementor-heading-title elementor-size-default\"><a href=\"https:\/\/fundacioncel.org\/gl\/nos\/nosa-historia\/\">Historia<\/a><\/h4>\t\t<\/div>\n\t\t\t\t<\/div>\n\t\t\t\t<div class=\"elementor-element elementor-element-a3c423b elementor-widget elementor-widget-heading\" data-id=\"a3c423b\" data-element_type=\"widget\" data-widget_type=\"heading.default\">\n\t\t\t\t<div class=\"elementor-widget-container\">\n\t\t\t<h4 class=\"elementor-heading-title elementor-size-default\">Goberno<\/h4>\t\t<\/div>\n\t\t\t\t<\/div>\n\t\t\t\t<div class=\"elementor-element elementor-element-6918b70 elementor-widget elementor-widget-heading\" data-id=\"6918b70\" data-element_type=\"widget\" data-widget_type=\"heading.default\">\n\t\t\t\t<div class=\"elementor-widget-container\">\n\t\t\t<h5 class=\"elementor-heading-title elementor-size-default\"><a href=\"https:\/\/fundacioncel.org\/gl\/nos\/mision-e-vision\/\">Misi\u00f3n e Visi\u00f3n<\/a><\/h5>\t\t<\/div>\n\t\t\t\t<\/div>\n\t\t\t\t<div class=\"elementor-element elementor-element-44e4f1b elementor-widget elementor-widget-heading\" data-id=\"44e4f1b\" data-element_type=\"widget\" data-widget_type=\"heading.default\">\n\t\t\t\t<div class=\"elementor-widget-container\">\n\t\t\t<h5 class=\"elementor-heading-title elementor-size-default\"><a href=\"https:\/\/fundacioncel.org\/gl\/nos\/valores\/\">Valores<\/a><\/h5>\t\t<\/div>\n\t\t\t\t<\/div>\n\t\t\t\t<div class=\"elementor-element elementor-element-0e1c7fd elementor-widget elementor-widget-heading\" data-id=\"0e1c7fd\" data-element_type=\"widget\" data-widget_type=\"heading.default\">\n\t\t\t\t<div class=\"elementor-widget-container\">\n\t\t\t<h5 class=\"elementor-heading-title elementor-size-default\"><a href=\"https:\/\/fundacioncel.org\/gl\/nos\/estatutos\/\">Estatutos<\/a><\/h5>\t\t<\/div>\n\t\t\t\t<\/div>\n\t\t\t\t<div class=\"elementor-element elementor-element-2d4ee4c elementor-widget elementor-widget-heading\" data-id=\"2d4ee4c\" data-element_type=\"widget\" data-widget_type=\"heading.default\">\n\t\t\t\t<div class=\"elementor-widget-container\">\n\t\t\t<h5 class=\"elementor-heading-title elementor-size-default\"><a href=\"https:\/\/fundacioncel.org\/gl\/nos\/patronato-e-direccion\/\">Padroado e Direcci\u00f3n<\/a><\/h5>\t\t<\/div>\n\t\t\t\t<\/div>\n\t\t\t\t<div class=\"elementor-element elementor-element-16ce286 elementor-widget elementor-widget-heading\" data-id=\"16ce286\" data-element_type=\"widget\" data-widget_type=\"heading.default\">\n\t\t\t\t<div class=\"elementor-widget-container\">\n\t\t\t<h5 class=\"elementor-heading-title elementor-size-default\"><a href=\"https:\/\/fundacioncel.org\/gl\/nos\/codigos\/\">C\u00f3digos de Bo Goberno<\/a><\/h5>\t\t<\/div>\n\t\t\t\t<\/div>\n\t\t\t\t<div class=\"elementor-element elementor-element-b987e10 elementor-widget elementor-widget-heading\" data-id=\"b987e10\" data-element_type=\"widget\" data-widget_type=\"heading.default\">\n\t\t\t\t<div class=\"elementor-widget-container\">\n\t\t\t<h6 class=\"elementor-heading-title elementor-size-default\"><a href=\"https:\/\/fundacioncel.org\/gl\/nos\/codigo-bo-goberno\/\">C\u00f3digo de Conducta da Fundaci\u00f3n<\/a><\/h6>\t\t<\/div>\n\t\t\t\t<\/div>\n\t\t\t\t<div class=\"elementor-element elementor-element-262d491 elementor-widget elementor-widget-heading\" data-id=\"262d491\" data-element_type=\"widget\" data-widget_type=\"heading.default\">\n\t\t\t\t<div class=\"elementor-widget-container\">\n\t\t\t<h6 class=\"elementor-heading-title elementor-size-default\"><a href=\"https:\/\/fundacioncel.org\/gl\/nos\/codigo-conduta-emprendedores\/\">C\u00f3digo de Conducta de Emprendedores<\/a><\/h6>\t\t<\/div>\n\t\t\t\t<\/div>\n\t\t\t\t<div class=\"elementor-element elementor-element-651e9bf elementor-widget elementor-widget-heading\" data-id=\"651e9bf\" data-element_type=\"widget\" data-widget_type=\"heading.default\">\n\t\t\t\t<div class=\"elementor-widget-container\">\n\t\t\t<h6 class=\"elementor-heading-title elementor-size-default\"><a href=\"https:\/\/fundacioncel.org\/gl\/nos\/codigo-conduta-proveedores\/\">C\u00f3digo de Conducta de Provedores<\/a><\/h6>\t\t<\/div>\n\t\t\t\t<\/div>\n\t\t\t\t\t<\/div>\n\t\t<\/div>\n\t\t\t\t\t\t\t<\/div>\n\t\t<\/section>\n\t\t\t\t\t<\/div>\n\t\t<\/div>\n\t\t\t\t<div class=\"elementor-column elementor-col-66 elementor-top-column elementor-element elementor-element-4e5aea1\" data-id=\"4e5aea1\" data-element_type=\"column\">\n\t\t\t<div class=\"elementor-widget-wrap elementor-element-populated\">\n\t\t\t\t\t\t\t\t<div class=\"elementor-element elementor-element-816e4d5 elementor-widget elementor-widget-timeline-widget-addon\" data-id=\"816e4d5\" data-element_type=\"widget\" data-widget_type=\"timeline-widget-addon.default\">\n\t\t\t\t<div class=\"elementor-widget-container\">\n\t\t\t<!-- ========= Timeline Widget Addon For Elementor 1.5.1 ========= -->\r\n<div id=\"twae-wrapper-816e4d5\" class=\"twae-vertical twae-wrapper  twae-both-sided \">   \r\n    <div class=\"twae-start\"><\/div>    \r\n    <div id=\"twea-timeline-816e4d5\" class=\"twae-timeline\" ><div id=\"story-853168c\" class=\"twae-story twae-repeater-item twae-story-right twae-story-no-icon\">\r\n                <div class=\"twae-labels\" ><div class=\"twae-label-big\">1997<\/div><\/div><div class=\"twae-icondot\"><\/div><div class=\"twae-arrow\"><\/div><div class=\"twae-content\"><div class=\"twae-title\">FCEL<\/div><div class=\"twae-description\"><p>Posta en marcha da Fundaci\u00f3n<\/p><\/div>\r\n                <\/div>\r\n        <\/div><div id=\"story-ee8ee43\" class=\"twae-story twae-repeater-item twae-story-left twae-story-no-icon\">\r\n                <div class=\"twae-labels\" ><div class=\"twae-label-big\">1999<\/div><\/div><div class=\"twae-icondot\"><\/div><div class=\"twae-arrow\"><\/div><div class=\"twae-content\"><div class=\"twae-title\">CIE<\/div><div class=\"twae-description\"><p>Posta en marcha do Centro de Iniciativas Emprendedoras<\/p><\/div>\r\n                <\/div>\r\n        <\/div><div id=\"story-de77e72\" class=\"twae-story twae-repeater-item twae-story-right twae-story-no-icon\">\r\n                <div class=\"twae-labels\" ><div class=\"twae-label-big\">2001<\/div><\/div><div class=\"twae-icondot\"><\/div><div class=\"twae-arrow\"><\/div><div class=\"twae-content\"><div class=\"twae-title\">Axentes de Emprego<\/div><div class=\"twae-description\"><p>Incorporaci\u00f3n \u00e1 Rede de Axentes de Emprego da Xunta de Galicia<\/p><\/div>\r\n                <\/div>\r\n        <\/div><div id=\"story-ea98f03\" class=\"twae-story twae-repeater-item twae-story-left twae-story-no-icon\">\r\n                <div class=\"twae-labels\" ><div class=\"twae-label-big\">2006<\/div><\/div><div class=\"twae-icondot\"><\/div><div class=\"twae-arrow\"><\/div><div class=\"twae-content\"><div class=\"twae-title\">Ampliaci\u00f3n e PAE<\/div><div class=\"twae-description\"><p>Duplicamos o espazo destinado ao emprendemento (espazo para albergar a 22 proxectos)<\/p><p>Punto de Atenci\u00f3n ao Emprendedor (PAE) Ministerio de Industria, Comercio e Turismo<\/p><\/div>\r\n                <\/div>\r\n        <\/div><div id=\"story-b5343b3\" class=\"twae-story twae-repeater-item twae-story-right twae-story-no-icon\">\r\n                <div class=\"twae-labels\" ><div class=\"twae-label-big\">2014<\/div><\/div><div class=\"twae-icondot\"><\/div><div class=\"twae-arrow\"><\/div><div class=\"twae-content\"><div class=\"twae-title\">Rede Eusumo<\/div><div class=\"twae-description\"><p>Incorporaci\u00f3n \u00e1 Rede de Iniciativas e Econom\u00eda Social<\/p><\/div>\r\n                <\/div>\r\n        <\/div><div id=\"story-b3f0aa5\" class=\"twae-story twae-repeater-item twae-story-left twae-story-no-icon\">\r\n                <div class=\"twae-labels\" ><div class=\"twae-label-big\">2015<\/div><\/div><div class=\"twae-icondot\"><\/div><div class=\"twae-arrow\"><\/div><div class=\"twae-content\"><div class=\"twae-title\">ViaGalicia<\/div><div class=\"twae-description\"><p>Posta en marcha de Sede Norte ViaGalicia<\/p><\/div>\r\n                <\/div>\r\n        <\/div><div id=\"story-d47a676\" class=\"twae-story twae-repeater-item twae-story-right twae-story-no-icon\">\r\n                <div class=\"twae-labels\" ><div class=\"twae-label-big\">2018<\/div><\/div><div class=\"twae-icondot\"><\/div><div class=\"twae-arrow\"><\/div><div class=\"twae-content\"><div class=\"twae-title\">BFAero<\/div><div class=\"twae-description\"><p>Posta en marcha e xesti\u00f3n integral do programa de aceleraci\u00f3n BFAero<\/p><\/div>\r\n                <\/div>\r\n        <\/div><div id=\"story-e4b7115\" class=\"twae-story twae-repeater-item twae-story-left twae-story-no-icon\">\r\n                <div class=\"twae-labels\" ><div class=\"twae-label-big\">2023<\/div><\/div><div class=\"twae-icondot\"><\/div><div class=\"twae-arrow\"><\/div><div class=\"twae-content\"><div class=\"twae-title\">Polos de emprendemento <\/div><div class=\"twae-description\"><p>Incorporaci\u00f3n \u00e1 Rede de Polos de emprendemento<\/p><\/div>\r\n                <\/div>\r\n        <\/div><\/div>\r\n    <div class=\"twae-end\"><\/div>\r\n    <\/div><style type=\"text\/css\"><\/style>\t\t<\/div>\n\t\t\t\t<\/div>\n\t\t\t\t\t<\/div>\n\t\t<\/div>\n\t\t\t\t\t\t\t<\/div>\n\t\t<\/section>\n\t\t\t\t\t\t\t<\/div>\n\t\t","protected":false},"excerpt":{"rendered":"<p>A nosa Historia Sab\u00edas que levamos apoiando ao emprendedor m\u00e1is de 25 anos? Co\u00f1ece os principais fitos da nosa historia. Historia Goberno Misi\u00f3n e Visi\u00f3n Valores Estatutos Padroado e Direcci\u00f3n C\u00f3digos de Bo Goberno C\u00f3digo de Conducta da Fundaci\u00f3n C\u00f3digo de Conducta de Emprendedores C\u00f3digo de Conducta de Provedores 1997FCEL Posta en marcha da Fundaci\u00f3n&#8230;<\/p>\n","protected":false},"author":3,"featured_media":0,"parent":67250,"menu_order":0,"comment_status":"closed","ping_status":"closed","template":"","meta":[],"acf":[],"yoast_head":"<!-- This site is optimized with the Yoast SEO plugin v20.7 - https:\/\/yoast.com\/wordpress\/plugins\/seo\/ -->\n<title>Conoce los hitos en la historia de la FCEL<\/title>\n<meta name=\"description\" content=\"\u00bfSab\u00edas que llevamos apoyando al emprendedor m\u00e1s de 25 a\u00f1os? Conoce los principales hitos de nuestra historia.\" \/>\n<meta name=\"robots\" content=\"index, follow, max-snippet:-1, max-image-preview:large, max-video-preview:-1\" \/>\n<link rel=\"canonical\" href=\"https:\/\/fundacioncel.org\/gl\/nos\/nosa-historia\/\" \/>\n<meta property=\"og:locale\" content=\"gl_ES\" \/>\n<meta property=\"og:type\" content=\"article\" \/>\n<meta property=\"og:title\" content=\"Conoce los hitos en la historia de la FCEL\" \/>\n<meta property=\"og:description\" content=\"\u00bfSab\u00edas que llevamos apoyando al emprendedor m\u00e1s de 25 a\u00f1os? Conoce los principales hitos de nuestra historia.\" \/>\n<meta property=\"og:url\" content=\"https:\/\/fundacioncel.org\/gl\/nos\/nosa-historia\/\" \/>\n<meta property=\"og:site_name\" content=\"FCEL\" \/>\n<meta property=\"article:publisher\" content=\"https:\/\/www.facebook.com\/fundacioncel\" \/>\n<meta property=\"article:modified_time\" content=\"2023-05-16T11:42:34+00:00\" \/>\n<meta name=\"twitter:card\" content=\"summary_large_image\" \/>\n<meta name=\"twitter:site\" content=\"@FUNDACION_CEL\" \/>\n<meta name=\"twitter:label1\" content=\"Tempo de lectura\" \/>\n\t<meta name=\"twitter:data1\" content=\"1 minuto\" \/>\n<script type=\"application\/ld+json\" class=\"yoast-schema-graph\">{\"@context\":\"https:\/\/schema.org\",\"@graph\":[{\"@type\":\"WebPage\",\"@id\":\"https:\/\/fundacioncel.org\/gl\/nos\/nosa-historia\/\",\"url\":\"https:\/\/fundacioncel.org\/gl\/nos\/nosa-historia\/\",\"name\":\"Conoce los hitos en la historia de la FCEL\",\"isPartOf\":{\"@id\":\"https:\/\/fundacioncel.org\/gl\/#website\"},\"datePublished\":\"2023-01-18T15:28:27+00:00\",\"dateModified\":\"2023-05-16T11:42:34+00:00\",\"description\":\"\u00bfSab\u00edas que llevamos apoyando al emprendedor m\u00e1s de 25 a\u00f1os? Conoce los principales hitos de nuestra historia.\",\"breadcrumb\":{\"@id\":\"https:\/\/fundacioncel.org\/gl\/nos\/nosa-historia\/#breadcrumb\"},\"inLanguage\":\"gl-ES\",\"potentialAction\":[{\"@type\":\"ReadAction\",\"target\":[\"https:\/\/fundacioncel.org\/gl\/nos\/nosa-historia\/\"]}]},{\"@type\":\"BreadcrumbList\",\"@id\":\"https:\/\/fundacioncel.org\/gl\/nos\/nosa-historia\/#breadcrumb\",\"itemListElement\":[{\"@type\":\"ListItem\",\"position\":1,\"name\":\"N\u00f3s\",\"item\":\"https:\/\/fundacioncel.org\/gl\/nos\/\"},{\"@type\":\"ListItem\",\"position\":2,\"name\":\"A nosa historia\"}]},{\"@type\":\"WebSite\",\"@id\":\"https:\/\/fundacioncel.org\/gl\/#website\",\"url\":\"https:\/\/fundacioncel.org\/gl\/\",\"name\":\"FCEL\",\"description\":\"Fomentamos el esp\u00edritu emprendedor\",\"publisher\":{\"@id\":\"https:\/\/fundacioncel.org\/gl\/#organization\"},\"potentialAction\":[{\"@type\":\"SearchAction\",\"target\":{\"@type\":\"EntryPoint\",\"urlTemplate\":\"https:\/\/fundacioncel.org\/gl\/?s={search_term_string}\"},\"query-input\":\"required name=search_term_string\"}],\"inLanguage\":\"gl-ES\"},{\"@type\":\"Organization\",\"@id\":\"https:\/\/fundacioncel.org\/gl\/#organization\",\"name\":\"FCEL\",\"url\":\"https:\/\/fundacioncel.org\/gl\/\",\"logo\":{\"@type\":\"ImageObject\",\"inLanguage\":\"gl-ES\",\"@id\":\"https:\/\/fundacioncel.org\/gl\/#\/schema\/logo\/image\/\",\"url\":\"https:\/\/fundacioncel.org\/wp-content\/uploads\/2022\/09\/logo-fcel.png\",\"contentUrl\":\"https:\/\/fundacioncel.org\/wp-content\/uploads\/2022\/09\/logo-fcel.png\",\"width\":456,\"height\":138,\"caption\":\"FCEL\"},\"image\":{\"@id\":\"https:\/\/fundacioncel.org\/gl\/#\/schema\/logo\/image\/\"},\"sameAs\":[\"https:\/\/www.facebook.com\/fundacioncel\",\"https:\/\/twitter.com\/FUNDACION_CEL\",\"https:\/\/www.linkedin.com\/company\/fundaci-n-cel---iniciativas-por-lugo\",\"https:\/\/www.instagram.com\/fcel1997\/\"]}]}<\/script>\n<!-- \/ Yoast SEO plugin. -->","yoast_head_json":{"title":"Conoce los hitos en la historia de la FCEL","description":"\u00bfSab\u00edas que llevamos apoyando al emprendedor m\u00e1s de 25 a\u00f1os? Conoce los principales hitos de nuestra historia.","robots":{"index":"index","follow":"follow","max-snippet":"max-snippet:-1","max-image-preview":"max-image-preview:large","max-video-preview":"max-video-preview:-1"},"canonical":"https:\/\/fundacioncel.org\/gl\/nos\/nosa-historia\/","og_locale":"gl_ES","og_type":"article","og_title":"Conoce los hitos en la historia de la FCEL","og_description":"\u00bfSab\u00edas que llevamos apoyando al emprendedor m\u00e1s de 25 a\u00f1os? Conoce los principales hitos de nuestra historia.","og_url":"https:\/\/fundacioncel.org\/gl\/nos\/nosa-historia\/","og_site_name":"FCEL","article_publisher":"https:\/\/www.facebook.com\/fundacioncel","article_modified_time":"2023-05-16T11:42:34+00:00","twitter_card":"summary_large_image","twitter_site":"@FUNDACION_CEL","twitter_misc":{"Tempo de lectura":"1 minuto"},"schema":{"@context":"https:\/\/schema.org","@graph":[{"@type":"WebPage","@id":"https:\/\/fundacioncel.org\/gl\/nos\/nosa-historia\/","url":"https:\/\/fundacioncel.org\/gl\/nos\/nosa-historia\/","name":"Conoce los hitos en la historia de la FCEL","isPartOf":{"@id":"https:\/\/fundacioncel.org\/gl\/#website"},"datePublished":"2023-01-18T15:28:27+00:00","dateModified":"2023-05-16T11:42:34+00:00","description":"\u00bfSab\u00edas que llevamos apoyando al emprendedor m\u00e1s de 25 a\u00f1os? Conoce los principales hitos de nuestra historia.","breadcrumb":{"@id":"https:\/\/fundacioncel.org\/gl\/nos\/nosa-historia\/#breadcrumb"},"inLanguage":"gl-ES","potentialAction":[{"@type":"ReadAction","target":["https:\/\/fundacioncel.org\/gl\/nos\/nosa-historia\/"]}]},{"@type":"BreadcrumbList","@id":"https:\/\/fundacioncel.org\/gl\/nos\/nosa-historia\/#breadcrumb","itemListElement":[{"@type":"ListItem","position":1,"name":"N\u00f3s","item":"https:\/\/fundacioncel.org\/gl\/nos\/"},{"@type":"ListItem","position":2,"name":"A nosa historia"}]},{"@type":"WebSite","@id":"https:\/\/fundacioncel.org\/gl\/#website","url":"https:\/\/fundacioncel.org\/gl\/","name":"FCEL","description":"Fomentamos el esp\u00edritu emprendedor","publisher":{"@id":"https:\/\/fundacioncel.org\/gl\/#organization"},"potentialAction":[{"@type":"SearchAction","target":{"@type":"EntryPoint","urlTemplate":"https:\/\/fundacioncel.org\/gl\/?s={search_term_string}"},"query-input":"required name=search_term_string"}],"inLanguage":"gl-ES"},{"@type":"Organization","@id":"https:\/\/fundacioncel.org\/gl\/#organization","name":"FCEL","url":"https:\/\/fundacioncel.org\/gl\/","logo":{"@type":"ImageObject","inLanguage":"gl-ES","@id":"https:\/\/fundacioncel.org\/gl\/#\/schema\/logo\/image\/","url":"https:\/\/fundacioncel.org\/wp-content\/uploads\/2022\/09\/logo-fcel.png","contentUrl":"https:\/\/fundacioncel.org\/wp-content\/uploads\/2022\/09\/logo-fcel.png","width":456,"height":138,"caption":"FCEL"},"image":{"@id":"https:\/\/fundacioncel.org\/gl\/#\/schema\/logo\/image\/"},"sameAs":["https:\/\/www.facebook.com\/fundacioncel","https:\/\/twitter.com\/FUNDACION_CEL","https:\/\/www.linkedin.com\/company\/fundaci-n-cel---iniciativas-por-lugo","https:\/\/www.instagram.com\/fcel1997\/"]}]}},"_links":{"self":[{"href":"https:\/\/fundacioncel.org\/gl\/wp-json\/wp\/v2\/pages\/67276"}],"collection":[{"href":"https:\/\/fundacioncel.org\/gl\/wp-json\/wp\/v2\/pages"}],"about":[{"href":"https:\/\/fundacioncel.org\/gl\/wp-json\/wp\/v2\/types\/page"}],"author":[{"embeddable":true,"href":"https:\/\/fundacioncel.org\/gl\/wp-json\/wp\/v2\/users\/3"}],"replies":[{"embeddable":true,"href":"https:\/\/fundacioncel.org\/gl\/wp-json\/wp\/v2\/comments?post=67276"}],"version-history":[{"count":13,"href":"https:\/\/fundacioncel.org\/gl\/wp-json\/wp\/v2\/pages\/67276\/revisions"}],"predecessor-version":[{"id":67775,"href":"https:\/\/fundacioncel.org\/gl\/wp-json\/wp\/v2\/pages\/67276\/revisions\/67775"}],"up":[{"embeddable":true,"href":"https:\/\/fundacioncel.org\/gl\/wp-json\/wp\/v2\/pages\/67250"}],"wp:attachment":[{"href":"https:\/\/fundacioncel.org\/gl\/wp-json\/wp\/v2\/media?parent=67276"}],"curies":[{"name":"wp","href":"https:\/\/api.w.org\/{rel}","templated":true}]}}