{"id":67264,"date":"2023-01-18T15:41:02","date_gmt":"2023-01-18T14:41:02","guid":{"rendered":"https:\/\/fundacioncel.org\/programas\/"},"modified":"2023-05-12T10:01:23","modified_gmt":"2023-05-12T08:01:23","slug":"programas","status":"publish","type":"page","link":"https:\/\/fundacioncel.org\/gl\/programas\/","title":{"rendered":"Programas"},"content":{"rendered":"\t\t<div data-elementor-type=\"wp-page\" data-elementor-id=\"67264\" class=\"elementor elementor-67264 elementor-58101\">\n\t\t\t\t\t\t\t\t\t<section class=\"elementor-section elementor-top-section elementor-element elementor-element-67c6bbf elementor-section-boxed elementor-section-height-default elementor-section-height-default\" data-id=\"67c6bbf\" data-element_type=\"section\" data-settings=\"{&quot;background_background&quot;:&quot;classic&quot;}\">\n\t\t\t\t\t\t<div class=\"elementor-container elementor-column-gap-default\">\n\t\t\t\t\t<div class=\"elementor-column elementor-col-100 elementor-top-column elementor-element elementor-element-3b01dcf\" data-id=\"3b01dcf\" data-element_type=\"column\">\n\t\t\t<div class=\"elementor-widget-wrap elementor-element-populated\">\n\t\t\t\t\t\t\t\t<div class=\"elementor-element elementor-element-ed35e3e elementor-widget elementor-widget-heading\" data-id=\"ed35e3e\" data-element_type=\"widget\" data-widget_type=\"heading.default\">\n\t\t\t\t<div class=\"elementor-widget-container\">\n\t\t\t<style>\/*! elementor - v3.10.1 - 17-01-2023 *\/\n.elementor-heading-title{padding:0;margin:0;line-height:1}.elementor-widget-heading .elementor-heading-title[class*=elementor-size-]>a{color:inherit;font-size:inherit;line-height:inherit}.elementor-widget-heading .elementor-heading-title.elementor-size-small{font-size:15px}.elementor-widget-heading .elementor-heading-title.elementor-size-medium{font-size:19px}.elementor-widget-heading .elementor-heading-title.elementor-size-large{font-size:29px}.elementor-widget-heading .elementor-heading-title.elementor-size-xl{font-size:39px}.elementor-widget-heading .elementor-heading-title.elementor-size-xxl{font-size:59px}<\/style><h2 class=\"elementor-heading-title elementor-size-default\">Programas<\/h2>\t\t<\/div>\n\t\t\t\t<\/div>\n\t\t\t\t\t<\/div>\n\t\t<\/div>\n\t\t\t\t\t\t\t<\/div>\n\t\t<\/section>\n\t\t\t\t<section class=\"elementor-section elementor-top-section elementor-element elementor-element-d941521 elementor-section-boxed elementor-section-height-default elementor-section-height-default\" data-id=\"d941521\" data-element_type=\"section\">\n\t\t\t\t\t\t<div class=\"elementor-container elementor-column-gap-custom\">\n\t\t\t\t\t<div class=\"elementor-column elementor-col-50 elementor-top-column elementor-element elementor-element-6ec22dc\" data-id=\"6ec22dc\" data-element_type=\"column\">\n\t\t\t<div class=\"elementor-widget-wrap elementor-element-populated\">\n\t\t\t\t\t\t\t\t<section class=\"elementor-section elementor-inner-section elementor-element elementor-element-37328f0 elementor-section-boxed elementor-section-height-default elementor-section-height-default\" data-id=\"37328f0\" data-element_type=\"section\">\n\t\t\t\t\t\t<div class=\"elementor-container elementor-column-gap-default\">\n\t\t\t\t\t<div class=\"elementor-column elementor-col-100 elementor-inner-column elementor-element elementor-element-d3002f1\" data-id=\"d3002f1\" data-element_type=\"column\" data-settings=\"{&quot;background_background&quot;:&quot;classic&quot;}\">\n\t\t\t<div class=\"elementor-widget-wrap elementor-element-populated\">\n\t\t\t\t\t\t\t\t<div class=\"elementor-element elementor-element-38bb93b elementor-view-default elementor-vertical-align-top elementor-widget elementor-widget-icon-box\" data-id=\"38bb93b\" data-element_type=\"widget\" data-widget_type=\"icon-box.default\">\n\t\t\t\t<div class=\"elementor-widget-container\">\n\t\t\t<link rel=\"stylesheet\" href=\"https:\/\/fundacioncel.org\/wp-content\/plugins\/elementor\/assets\/css\/widget-icon-box.min.css\">\t\t<div class=\"elementor-icon-box-wrapper\">\n\t\t\t\t\t\t<div class=\"elementor-icon-box-content\">\n\t\t\t\t<h3 class=\"elementor-icon-box-title\">\n\t\t\t\t\t<a href=\"https:\/\/fundacioncel.org\/gl\/programa-impulsa-tu-idea\/\" >\n\t\t\t\t\t\tImpulsa a t\u00faa Idea\t\t\t\t\t<\/a>\n\t\t\t\t<\/h3>\n\t\t\t\t\t\t\t\t\t<p class=\"elementor-icon-box-description\">\n\t\t\t\t\t\tDesde 1997, a Fundaci\u00f3n CEL, ofrece un apoio e asesoramento integral \u00e1s persoas emprendedoras co obxectivo de fomentar a creaci\u00f3n e consolidaci\u00f3n de novas empresas.\t\t\t\t\t<\/p>\n\t\t\t\t\t\t\t<\/div>\n\t\t<\/div>\n\t\t\t\t<\/div>\n\t\t\t\t<\/div>\n\t\t\t\t<div class=\"elementor-element elementor-element-dee3446 elementor-align-left elementor-mobile-align-left elementor-widget elementor-widget-button\" data-id=\"dee3446\" data-element_type=\"widget\" data-widget_type=\"button.default\">\n\t\t\t\t<div class=\"elementor-widget-container\">\n\t\t\t\t\t<div class=\"elementor-button-wrapper\">\n\t\t\t<a href=\"https:\/\/fundacioncel.org\/gl\/programas\/impulsa-a-tua-idea\/\" class=\"elementor-button-link elementor-button elementor-size-xs\" role=\"button\">\n\t\t\t\t\t\t<span class=\"elementor-button-content-wrapper\">\n\t\t\t\t\t\t\t<span class=\"elementor-button-icon elementor-align-icon-right\">\n\t\t\t\t<i aria-hidden=\"true\" class=\"fas fa-arrow-right\"><\/i>\t\t\t<\/span>\n\t\t\t\t\t\t<span class=\"elementor-button-text\">Ver o Programa<\/span>\n\t\t<\/span>\n\t\t\t\t\t<\/a>\n\t\t<\/div>\n\t\t\t\t<\/div>\n\t\t\t\t<\/div>\n\t\t\t\t\t<\/div>\n\t\t<\/div>\n\t\t\t\t\t\t\t<\/div>\n\t\t<\/section>\n\t\t\t\t\t<\/div>\n\t\t<\/div>\n\t\t\t\t<div class=\"elementor-column elementor-col-50 elementor-top-column elementor-element elementor-element-872a32c\" data-id=\"872a32c\" data-element_type=\"column\">\n\t\t\t<div class=\"elementor-widget-wrap elementor-element-populated\">\n\t\t\t\t\t\t\t\t<section class=\"elementor-section elementor-inner-section elementor-element elementor-element-6a9d1c6 elementor-section-boxed elementor-section-height-default elementor-section-height-default\" data-id=\"6a9d1c6\" data-element_type=\"section\">\n\t\t\t\t\t\t<div class=\"elementor-container elementor-column-gap-default\">\n\t\t\t\t\t<div class=\"elementor-column elementor-col-100 elementor-inner-column elementor-element elementor-element-b13fb2b\" data-id=\"b13fb2b\" data-element_type=\"column\" data-settings=\"{&quot;background_background&quot;:&quot;classic&quot;}\">\n\t\t\t<div class=\"elementor-widget-wrap elementor-element-populated\">\n\t\t\t\t\t\t\t\t<div class=\"elementor-element elementor-element-587ad10 elementor-view-default elementor-vertical-align-top elementor-widget elementor-widget-icon-box\" data-id=\"587ad10\" data-element_type=\"widget\" data-widget_type=\"icon-box.default\">\n\t\t\t\t<div class=\"elementor-widget-container\">\n\t\t\t\t\t<div class=\"elementor-icon-box-wrapper\">\n\t\t\t\t\t\t<div class=\"elementor-icon-box-content\">\n\t\t\t\t<h3 class=\"elementor-icon-box-title\">\n\t\t\t\t\t<a href=\"https:\/\/fundacioncel.org\/gl\/programa-vivero-de-empresas\/\" >\n\t\t\t\t\t\tViveiro de Empresas\t\t\t\t\t<\/a>\n\t\t\t\t<\/h3>\n\t\t\t\t\t\t\t\t\t<p class=\"elementor-icon-box-description\">\n\t\t\t\t\t\tAsesoramento t\u00e9cnico nos tr\u00e1mites de creaci\u00f3n da empresa para a posta en marcha da actividade. Todo a trav\u00e9s dun equipo t\u00e9cnico multidisciplinar dedicado en exclusiva ao programa.\t\t\t\t\t<\/p>\n\t\t\t\t\t\t\t<\/div>\n\t\t<\/div>\n\t\t\t\t<\/div>\n\t\t\t\t<\/div>\n\t\t\t\t<div class=\"elementor-element elementor-element-4604775 elementor-align-left elementor-mobile-align-left elementor-widget elementor-widget-button\" data-id=\"4604775\" data-element_type=\"widget\" data-widget_type=\"button.default\">\n\t\t\t\t<div class=\"elementor-widget-container\">\n\t\t\t\t\t<div class=\"elementor-button-wrapper\">\n\t\t\t<a href=\"https:\/\/fundacioncel.org\/gl\/programas\/viveiro-empresas\/\" class=\"elementor-button-link elementor-button elementor-size-sm\" role=\"button\">\n\t\t\t\t\t\t<span class=\"elementor-button-content-wrapper\">\n\t\t\t\t\t\t\t<span class=\"elementor-button-icon elementor-align-icon-right\">\n\t\t\t\t<i aria-hidden=\"true\" class=\"fas fa-arrow-right\"><\/i>\t\t\t<\/span>\n\t\t\t\t\t\t<span class=\"elementor-button-text\">Descobre as instalaci\u00f3ns<\/span>\n\t\t<\/span>\n\t\t\t\t\t<\/a>\n\t\t<\/div>\n\t\t\t\t<\/div>\n\t\t\t\t<\/div>\n\t\t\t\t\t<\/div>\n\t\t<\/div>\n\t\t\t\t\t\t\t<\/div>\n\t\t<\/section>\n\t\t\t\t\t<\/div>\n\t\t<\/div>\n\t\t\t\t\t\t\t<\/div>\n\t\t<\/section>\n\t\t\t\t<section class=\"elementor-section elementor-top-section elementor-element elementor-element-5316090 elementor-section-boxed elementor-section-height-default elementor-section-height-default\" data-id=\"5316090\" data-element_type=\"section\">\n\t\t\t\t\t\t<div class=\"elementor-container elementor-column-gap-custom\">\n\t\t\t\t\t<div class=\"elementor-column elementor-col-50 elementor-top-column elementor-element elementor-element-ef9057c\" data-id=\"ef9057c\" data-element_type=\"column\">\n\t\t\t<div class=\"elementor-widget-wrap elementor-element-populated\">\n\t\t\t\t\t\t\t\t<section class=\"elementor-section elementor-inner-section elementor-element elementor-element-6ea66da elementor-section-boxed elementor-section-height-default elementor-section-height-default\" data-id=\"6ea66da\" data-element_type=\"section\">\n\t\t\t\t\t\t<div class=\"elementor-container elementor-column-gap-default\">\n\t\t\t\t\t<div class=\"elementor-column elementor-col-100 elementor-inner-column elementor-element elementor-element-e04cb6c\" data-id=\"e04cb6c\" data-element_type=\"column\" data-settings=\"{&quot;background_background&quot;:&quot;classic&quot;}\">\n\t\t\t<div class=\"elementor-widget-wrap elementor-element-populated\">\n\t\t\t\t\t\t\t\t<div class=\"elementor-element elementor-element-1367613 elementor-view-default elementor-vertical-align-top elementor-widget elementor-widget-icon-box\" data-id=\"1367613\" data-element_type=\"widget\" data-widget_type=\"icon-box.default\">\n\t\t\t\t<div class=\"elementor-widget-container\">\n\t\t\t\t\t<div class=\"elementor-icon-box-wrapper\">\n\t\t\t\t\t\t<div class=\"elementor-icon-box-content\">\n\t\t\t\t<h3 class=\"elementor-icon-box-title\">\n\t\t\t\t\t<a href=\"https:\/\/fundacioncel.org\/gl\/programa-de-aceleracion-bfaero\/\" >\n\t\t\t\t\t\tPrograma de Aceleraci\u00f3n\t\t\t\t\t<\/a>\n\t\t\t\t<\/h3>\n\t\t\t\t\t\t\t\t\t<p class=\"elementor-icon-box-description\">\n\t\t\t\t\t\tBusiness Factory Aero \u00e9 unha iniciativa da Xunta de Galicia que achega infraestruturas e medios para ofrecer soporte a medida a proxectos aeroespaciais e veh\u00edculos non tripulados en todas as s\u00faas fases.\t\t\t\t\t<\/p>\n\t\t\t\t\t\t\t<\/div>\n\t\t<\/div>\n\t\t\t\t<\/div>\n\t\t\t\t<\/div>\n\t\t\t\t<div class=\"elementor-element elementor-element-5340e94 elementor-align-left elementor-mobile-align-left elementor-widget elementor-widget-button\" data-id=\"5340e94\" data-element_type=\"widget\" data-widget_type=\"button.default\">\n\t\t\t\t<div class=\"elementor-widget-container\">\n\t\t\t\t\t<div class=\"elementor-button-wrapper\">\n\t\t\t<a href=\"https:\/\/fundacioncel.org\/gl\/programas\/business-factory-aero\/\" class=\"elementor-button-link elementor-button elementor-size-sm\" role=\"button\">\n\t\t\t\t\t\t<span class=\"elementor-button-content-wrapper\">\n\t\t\t\t\t\t\t<span class=\"elementor-button-icon elementor-align-icon-right\">\n\t\t\t\t<i aria-hidden=\"true\" class=\"fas fa-arrow-right\"><\/i>\t\t\t<\/span>\n\t\t\t\t\t\t<span class=\"elementor-button-text\">Business Factory Aero<\/span>\n\t\t<\/span>\n\t\t\t\t\t<\/a>\n\t\t<\/div>\n\t\t\t\t<\/div>\n\t\t\t\t<\/div>\n\t\t\t\t\t<\/div>\n\t\t<\/div>\n\t\t\t\t\t\t\t<\/div>\n\t\t<\/section>\n\t\t\t\t\t<\/div>\n\t\t<\/div>\n\t\t\t\t<div class=\"elementor-column elementor-col-50 elementor-top-column elementor-element elementor-element-6f02905\" data-id=\"6f02905\" data-element_type=\"column\">\n\t\t\t<div class=\"elementor-widget-wrap elementor-element-populated\">\n\t\t\t\t\t\t\t\t<section class=\"elementor-section elementor-inner-section elementor-element elementor-element-a332833 elementor-section-boxed elementor-section-height-default elementor-section-height-default\" data-id=\"a332833\" data-element_type=\"section\">\n\t\t\t\t\t\t<div class=\"elementor-container elementor-column-gap-default\">\n\t\t\t\t\t<div class=\"elementor-column elementor-col-100 elementor-inner-column elementor-element elementor-element-40402d1\" data-id=\"40402d1\" data-element_type=\"column\" data-settings=\"{&quot;background_background&quot;:&quot;classic&quot;}\">\n\t\t\t<div class=\"elementor-widget-wrap elementor-element-populated\">\n\t\t\t\t\t\t\t\t<div class=\"elementor-element elementor-element-338c85a elementor-view-default elementor-vertical-align-top elementor-widget elementor-widget-icon-box\" data-id=\"338c85a\" data-element_type=\"widget\" data-widget_type=\"icon-box.default\">\n\t\t\t\t<div class=\"elementor-widget-container\">\n\t\t\t\t\t<div class=\"elementor-icon-box-wrapper\">\n\t\t\t\t\t\t<div class=\"elementor-icon-box-content\">\n\t\t\t\t<h3 class=\"elementor-icon-box-title\">\n\t\t\t\t\t<a href=\"https:\/\/fundacioncel.org\/gl\/programa-atrevete\/\" >\n\t\t\t\t\t\tAtr\u00e9vete a Emprender\t\t\t\t\t<\/a>\n\t\t\t\t<\/h3>\n\t\t\t\t\t\t\t\t\t<p class=\"elementor-icon-box-description\">\n\t\t\t\t\t\tIniciativa da Conseller\u00eda de Cultura, Educaci\u00f3n e Universidade, dentr do Plan Eduemprende, coa que colaboramos para fomentar, motivar e sensibilizar o esp\u00edrito emprendedor entre os m\u00e1is novos.\t\t\t\t\t<\/p>\n\t\t\t\t\t\t\t<\/div>\n\t\t<\/div>\n\t\t\t\t<\/div>\n\t\t\t\t<\/div>\n\t\t\t\t<div class=\"elementor-element elementor-element-c5e6976 elementor-align-left elementor-mobile-align-left elementor-widget elementor-widget-button\" data-id=\"c5e6976\" data-element_type=\"widget\" data-widget_type=\"button.default\">\n\t\t\t\t<div class=\"elementor-widget-container\">\n\t\t\t\t\t<div class=\"elementor-button-wrapper\">\n\t\t\t<a href=\"https:\/\/fundacioncel.org\/gl\/programas\/programa-atrevete\/\" class=\"elementor-button-link elementor-button elementor-size-sm\" role=\"button\">\n\t\t\t\t\t\t<span class=\"elementor-button-content-wrapper\">\n\t\t\t\t\t\t\t<span class=\"elementor-button-icon elementor-align-icon-right\">\n\t\t\t\t<i aria-hidden=\"true\" class=\"fas fa-arrow-right\"><\/i>\t\t\t<\/span>\n\t\t\t\t\t\t<span class=\"elementor-button-text\">Atr\u00e9vete a emprender<\/span>\n\t\t<\/span>\n\t\t\t\t\t<\/a>\n\t\t<\/div>\n\t\t\t\t<\/div>\n\t\t\t\t<\/div>\n\t\t\t\t\t<\/div>\n\t\t<\/div>\n\t\t\t\t\t\t\t<\/div>\n\t\t<\/section>\n\t\t\t\t\t<\/div>\n\t\t<\/div>\n\t\t\t\t\t\t\t<\/div>\n\t\t<\/section>\n\t\t\t\t\t\t\t<\/div>\n\t\t","protected":false},"excerpt":{"rendered":"<p>Programas Impulsa a t\u00faa Idea Desde 1997, a Fundaci\u00f3n CEL, ofrece un apoio e asesoramento integral \u00e1s persoas emprendedoras co obxectivo de fomentar a creaci\u00f3n e consolidaci\u00f3n de novas empresas. Ver o Programa Viveiro de Empresas Asesoramento t\u00e9cnico nos tr\u00e1mites de creaci\u00f3n da empresa para a posta en marcha da actividade. Todo a trav\u00e9s dun&#8230;<\/p>\n","protected":false},"author":3,"featured_media":0,"parent":0,"menu_order":0,"comment_status":"closed","ping_status":"closed","template":"elementor_header_footer","meta":[],"acf":[],"yoast_head":"<!-- This site is optimized with the Yoast SEO plugin v20.7 - https:\/\/yoast.com\/wordpress\/plugins\/seo\/ -->\n<title>Programas - FCEL<\/title>\n<meta name=\"description\" content=\"Descubre todo sobre nosotros, la FCEL y todo lo que podemos hacer por ti, joven emprendedor de la provincia de Lugo.\" \/>\n<meta name=\"robots\" content=\"index, follow, max-snippet:-1, max-image-preview:large, max-video-preview:-1\" \/>\n<link rel=\"canonical\" href=\"https:\/\/fundacioncel.org\/gl\/programas\/\" \/>\n<meta property=\"og:locale\" content=\"gl_ES\" \/>\n<meta property=\"og:type\" content=\"article\" \/>\n<meta property=\"og:title\" content=\"Programas - FCEL\" \/>\n<meta property=\"og:description\" content=\"Descubre todo sobre nosotros, la FCEL y todo lo que podemos hacer por ti, joven emprendedor de la provincia de Lugo.\" \/>\n<meta property=\"og:url\" content=\"https:\/\/fundacioncel.org\/gl\/programas\/\" \/>\n<meta property=\"og:site_name\" content=\"FCEL\" \/>\n<meta property=\"article:publisher\" content=\"https:\/\/www.facebook.com\/fundacioncel\" \/>\n<meta property=\"article:modified_time\" content=\"2023-05-12T08:01:23+00:00\" \/>\n<meta name=\"twitter:card\" content=\"summary_large_image\" \/>\n<meta name=\"twitter:site\" content=\"@FUNDACION_CEL\" \/>\n<meta name=\"twitter:label1\" content=\"Tempo de lectura\" \/>\n\t<meta name=\"twitter:data1\" content=\"1 minuto\" \/>\n<script type=\"application\/ld+json\" class=\"yoast-schema-graph\">{\"@context\":\"https:\/\/schema.org\",\"@graph\":[{\"@type\":\"WebPage\",\"@id\":\"https:\/\/fundacioncel.org\/gl\/programas\/\",\"url\":\"https:\/\/fundacioncel.org\/gl\/programas\/\",\"name\":\"Programas - FCEL\",\"isPartOf\":{\"@id\":\"https:\/\/fundacioncel.org\/gl\/#website\"},\"datePublished\":\"2023-01-18T14:41:02+00:00\",\"dateModified\":\"2023-05-12T08:01:23+00:00\",\"description\":\"Descubre todo sobre nosotros, la FCEL y todo lo que podemos hacer por ti, joven emprendedor de la provincia de Lugo.\",\"inLanguage\":\"gl-ES\",\"potentialAction\":[{\"@type\":\"ReadAction\",\"target\":[\"https:\/\/fundacioncel.org\/gl\/programas\/\"]}]},{\"@type\":\"WebSite\",\"@id\":\"https:\/\/fundacioncel.org\/gl\/#website\",\"url\":\"https:\/\/fundacioncel.org\/gl\/\",\"name\":\"FCEL\",\"description\":\"Fomentamos el esp\u00edritu emprendedor\",\"publisher\":{\"@id\":\"https:\/\/fundacioncel.org\/gl\/#organization\"},\"potentialAction\":[{\"@type\":\"SearchAction\",\"target\":{\"@type\":\"EntryPoint\",\"urlTemplate\":\"https:\/\/fundacioncel.org\/gl\/?s={search_term_string}\"},\"query-input\":\"required name=search_term_string\"}],\"inLanguage\":\"gl-ES\"},{\"@type\":\"Organization\",\"@id\":\"https:\/\/fundacioncel.org\/gl\/#organization\",\"name\":\"FCEL\",\"url\":\"https:\/\/fundacioncel.org\/gl\/\",\"logo\":{\"@type\":\"ImageObject\",\"inLanguage\":\"gl-ES\",\"@id\":\"https:\/\/fundacioncel.org\/gl\/#\/schema\/logo\/image\/\",\"url\":\"https:\/\/fundacioncel.org\/wp-content\/uploads\/2022\/09\/logo-fcel.png\",\"contentUrl\":\"https:\/\/fundacioncel.org\/wp-content\/uploads\/2022\/09\/logo-fcel.png\",\"width\":456,\"height\":138,\"caption\":\"FCEL\"},\"image\":{\"@id\":\"https:\/\/fundacioncel.org\/gl\/#\/schema\/logo\/image\/\"},\"sameAs\":[\"https:\/\/www.facebook.com\/fundacioncel\",\"https:\/\/twitter.com\/FUNDACION_CEL\",\"https:\/\/www.linkedin.com\/company\/fundaci-n-cel---iniciativas-por-lugo\",\"https:\/\/www.instagram.com\/fcel1997\/\"]}]}<\/script>\n<!-- \/ Yoast SEO plugin. -->","yoast_head_json":{"title":"Programas - FCEL","description":"Descubre todo sobre nosotros, la FCEL y todo lo que podemos hacer por ti, joven emprendedor de la provincia de Lugo.","robots":{"index":"index","follow":"follow","max-snippet":"max-snippet:-1","max-image-preview":"max-image-preview:large","max-video-preview":"max-video-preview:-1"},"canonical":"https:\/\/fundacioncel.org\/gl\/programas\/","og_locale":"gl_ES","og_type":"article","og_title":"Programas - FCEL","og_description":"Descubre todo sobre nosotros, la FCEL y todo lo que podemos hacer por ti, joven emprendedor de la provincia de Lugo.","og_url":"https:\/\/fundacioncel.org\/gl\/programas\/","og_site_name":"FCEL","article_publisher":"https:\/\/www.facebook.com\/fundacioncel","article_modified_time":"2023-05-12T08:01:23+00:00","twitter_card":"summary_large_image","twitter_site":"@FUNDACION_CEL","twitter_misc":{"Tempo de lectura":"1 minuto"},"schema":{"@context":"https:\/\/schema.org","@graph":[{"@type":"WebPage","@id":"https:\/\/fundacioncel.org\/gl\/programas\/","url":"https:\/\/fundacioncel.org\/gl\/programas\/","name":"Programas - FCEL","isPartOf":{"@id":"https:\/\/fundacioncel.org\/gl\/#website"},"datePublished":"2023-01-18T14:41:02+00:00","dateModified":"2023-05-12T08:01:23+00:00","description":"Descubre todo sobre nosotros, la FCEL y todo lo que podemos hacer por ti, joven emprendedor de la provincia de Lugo.","inLanguage":"gl-ES","potentialAction":[{"@type":"ReadAction","target":["https:\/\/fundacioncel.org\/gl\/programas\/"]}]},{"@type":"WebSite","@id":"https:\/\/fundacioncel.org\/gl\/#website","url":"https:\/\/fundacioncel.org\/gl\/","name":"FCEL","description":"Fomentamos el esp\u00edritu emprendedor","publisher":{"@id":"https:\/\/fundacioncel.org\/gl\/#organization"},"potentialAction":[{"@type":"SearchAction","target":{"@type":"EntryPoint","urlTemplate":"https:\/\/fundacioncel.org\/gl\/?s={search_term_string}"},"query-input":"required name=search_term_string"}],"inLanguage":"gl-ES"},{"@type":"Organization","@id":"https:\/\/fundacioncel.org\/gl\/#organization","name":"FCEL","url":"https:\/\/fundacioncel.org\/gl\/","logo":{"@type":"ImageObject","inLanguage":"gl-ES","@id":"https:\/\/fundacioncel.org\/gl\/#\/schema\/logo\/image\/","url":"https:\/\/fundacioncel.org\/wp-content\/uploads\/2022\/09\/logo-fcel.png","contentUrl":"https:\/\/fundacioncel.org\/wp-content\/uploads\/2022\/09\/logo-fcel.png","width":456,"height":138,"caption":"FCEL"},"image":{"@id":"https:\/\/fundacioncel.org\/gl\/#\/schema\/logo\/image\/"},"sameAs":["https:\/\/www.facebook.com\/fundacioncel","https:\/\/twitter.com\/FUNDACION_CEL","https:\/\/www.linkedin.com\/company\/fundaci-n-cel---iniciativas-por-lugo","https:\/\/www.instagram.com\/fcel1997\/"]}]}},"_links":{"self":[{"href":"https:\/\/fundacioncel.org\/gl\/wp-json\/wp\/v2\/pages\/67264"}],"collection":[{"href":"https:\/\/fundacioncel.org\/gl\/wp-json\/wp\/v2\/pages"}],"about":[{"href":"https:\/\/fundacioncel.org\/gl\/wp-json\/wp\/v2\/types\/page"}],"author":[{"embeddable":true,"href":"https:\/\/fundacioncel.org\/gl\/wp-json\/wp\/v2\/users\/3"}],"replies":[{"embeddable":true,"href":"https:\/\/fundacioncel.org\/gl\/wp-json\/wp\/v2\/comments?post=67264"}],"version-history":[{"count":9,"href":"https:\/\/fundacioncel.org\/gl\/wp-json\/wp\/v2\/pages\/67264\/revisions"}],"predecessor-version":[{"id":67519,"href":"https:\/\/fundacioncel.org\/gl\/wp-json\/wp\/v2\/pages\/67264\/revisions\/67519"}],"wp:attachment":[{"href":"https:\/\/fundacioncel.org\/gl\/wp-json\/wp\/v2\/media?parent=67264"}],"curies":[{"name":"wp","href":"https:\/\/api.w.org\/{rel}","templated":true}]}}