{"id":67240,"date":"2023-02-03T10:37:59","date_gmt":"2023-02-03T09:37:59","guid":{"rendered":"https:\/\/fundacioncel.org\/eixos-de-traballo\/redes-colaborativas\/puntos-de-atencion-al-emprendedor\/"},"modified":"2023-05-12T10:12:59","modified_gmt":"2023-05-12T08:12:59","slug":"puntos-atencion-emprendedor","status":"publish","type":"page","link":"https:\/\/fundacioncel.org\/gl\/eixos-de-traballo\/redes-colaborativas\/puntos-atencion-emprendedor\/","title":{"rendered":"Puntos de Atenci\u00f3n ao Emprendedor"},"content":{"rendered":"\t\t<div data-elementor-type=\"wp-page\" data-elementor-id=\"67240\" class=\"elementor elementor-67240 elementor-60246\">\n\t\t\t\t\t\t\t\t\t<section class=\"elementor-section elementor-top-section elementor-element elementor-element-92dcf6a elementor-section-boxed elementor-section-height-default elementor-section-height-default\" data-id=\"92dcf6a\" data-element_type=\"section\" data-settings=\"{&quot;background_background&quot;:&quot;classic&quot;}\">\n\t\t\t\t\t\t<div class=\"elementor-container elementor-column-gap-default\">\n\t\t\t\t\t<div class=\"elementor-column elementor-col-100 elementor-top-column elementor-element elementor-element-081640d\" data-id=\"081640d\" data-element_type=\"column\">\n\t\t\t<div class=\"elementor-widget-wrap elementor-element-populated\">\n\t\t\t\t\t\t\t\t<div class=\"elementor-element elementor-element-82daaaf elementor-widget elementor-widget-heading\" data-id=\"82daaaf\" data-element_type=\"widget\" data-widget_type=\"heading.default\">\n\t\t\t\t<div class=\"elementor-widget-container\">\n\t\t\t<style>\/*! elementor - v3.10.1 - 17-01-2023 *\/\n.elementor-heading-title{padding:0;margin:0;line-height:1}.elementor-widget-heading .elementor-heading-title[class*=elementor-size-]>a{color:inherit;font-size:inherit;line-height:inherit}.elementor-widget-heading .elementor-heading-title.elementor-size-small{font-size:15px}.elementor-widget-heading .elementor-heading-title.elementor-size-medium{font-size:19px}.elementor-widget-heading .elementor-heading-title.elementor-size-large{font-size:29px}.elementor-widget-heading .elementor-heading-title.elementor-size-xl{font-size:39px}.elementor-widget-heading .elementor-heading-title.elementor-size-xxl{font-size:59px}<\/style><h1 class=\"elementor-heading-title elementor-size-default\">Redes Colaborativas<\/h1>\t\t<\/div>\n\t\t\t\t<\/div>\n\t\t\t\t\t<\/div>\n\t\t<\/div>\n\t\t\t\t\t\t\t<\/div>\n\t\t<\/section>\n\t\t\t\t<section class=\"elementor-section elementor-top-section elementor-element elementor-element-04d2688 elementor-section-boxed elementor-section-height-default elementor-section-height-default\" data-id=\"04d2688\" data-element_type=\"section\">\n\t\t\t\t\t\t<div class=\"elementor-container elementor-column-gap-default\">\n\t\t\t\t\t<div class=\"elementor-column elementor-col-33 elementor-top-column elementor-element elementor-element-7ab4d83\" data-id=\"7ab4d83\" data-element_type=\"column\">\n\t\t\t<div class=\"elementor-widget-wrap elementor-element-populated\">\n\t\t\t\t\t\t\t\t<section class=\"elementor-section elementor-inner-section elementor-element elementor-element-ec8159d elementor-section-boxed elementor-section-height-default elementor-section-height-default\" data-id=\"ec8159d\" data-element_type=\"section\">\n\t\t\t\t\t\t<div class=\"elementor-container elementor-column-gap-default\">\n\t\t\t\t\t<div class=\"elementor-column elementor-col-100 elementor-inner-column elementor-element elementor-element-1f5b471\" data-id=\"1f5b471\" data-element_type=\"column\">\n\t\t\t<div class=\"elementor-widget-wrap elementor-element-populated\">\n\t\t\t\t\t\t\t\t<div class=\"elementor-element elementor-element-eab0fd8 elementor-widget elementor-widget-heading\" data-id=\"eab0fd8\" data-element_type=\"widget\" data-widget_type=\"heading.default\">\n\t\t\t\t<div class=\"elementor-widget-container\">\n\t\t\t<h4 class=\"elementor-heading-title elementor-size-default\"><a href=\"https:\/\/fundacioncel.org\/gl\/eixos-de-traballo\/\">Eixos de traballo<\/a><\/h4>\t\t<\/div>\n\t\t\t\t<\/div>\n\t\t\t\t<div class=\"elementor-element elementor-element-66ddec9 elementor-widget elementor-widget-heading\" data-id=\"66ddec9\" data-element_type=\"widget\" data-widget_type=\"heading.default\">\n\t\t\t\t<div class=\"elementor-widget-container\">\n\t\t\t<h5 class=\"elementor-heading-title elementor-size-default\"><a href=\"https:\/\/fundacioncel.org\/gl\/eixos-de-traballo\/redes-colaborativas\/\">Redes Colaborativas<\/a><\/h5>\t\t<\/div>\n\t\t\t\t<\/div>\n\t\t\t\t<div class=\"elementor-element elementor-element-56c10e3 elementor-widget elementor-widget-heading\" data-id=\"56c10e3\" data-element_type=\"widget\" data-widget_type=\"heading.default\">\n\t\t\t\t<div class=\"elementor-widget-container\">\n\t\t\t<h6 class=\"elementor-heading-title elementor-size-default\"><a href=\"#\">Polos de emprendemento<\/a><\/h6>\t\t<\/div>\n\t\t\t\t<\/div>\n\t\t\t\t<div class=\"elementor-element elementor-element-f9fe799 elementor-widget elementor-widget-heading\" data-id=\"f9fe799\" data-element_type=\"widget\" data-widget_type=\"heading.default\">\n\t\t\t\t<div class=\"elementor-widget-container\">\n\t\t\t<h6 class=\"elementor-heading-title elementor-size-default\"><a href=\"https:\/\/fundacioncel.org\/gl\/eixos-de-traballo\/redes-colaborativas\/rede-eusumo\/\">Rede Eusumo<\/a><\/h6>\t\t<\/div>\n\t\t\t\t<\/div>\n\t\t\t\t<div class=\"elementor-element elementor-element-d7a52ef elementor-widget elementor-widget-heading\" data-id=\"d7a52ef\" data-element_type=\"widget\" data-widget_type=\"heading.default\">\n\t\t\t\t<div class=\"elementor-widget-container\">\n\t\t\t<h6 class=\"elementor-heading-title elementor-size-default\"><a href=\"https:\/\/fundacioncel.org\/gl\/eixos-de-traballo\/redes-colaborativas\/puntos-atencion-emprendedor\/\">Punto PAE<\/a><\/h6>\t\t<\/div>\n\t\t\t\t<\/div>\n\t\t\t\t<div class=\"elementor-element elementor-element-d7ce101 elementor-widget elementor-widget-heading\" data-id=\"d7ce101\" data-element_type=\"widget\" data-widget_type=\"heading.default\">\n\t\t\t\t<div class=\"elementor-widget-container\">\n\t\t\t<h6 class=\"elementor-heading-title elementor-size-default\"><a href=\"https:\/\/fundacioncel.org\/gl\/eixos-de-traballo\/redes-colaborativas\/icex-invest-in-spain\/\">ICEX-Invest in Spain<\/a><\/h6>\t\t<\/div>\n\t\t\t\t<\/div>\n\t\t\t\t\t<\/div>\n\t\t<\/div>\n\t\t\t\t\t\t\t<\/div>\n\t\t<\/section>\n\t\t\t\t\t<\/div>\n\t\t<\/div>\n\t\t\t\t<div class=\"elementor-column elementor-col-66 elementor-top-column elementor-element elementor-element-410536d\" data-id=\"410536d\" data-element_type=\"column\" id=\"content\">\n\t\t\t<div class=\"elementor-widget-wrap elementor-element-populated\">\n\t\t\t\t\t\t\t\t<div class=\"elementor-element elementor-element-025de8b elementor-widget elementor-widget-heading\" data-id=\"025de8b\" data-element_type=\"widget\" data-widget_type=\"heading.default\">\n\t\t\t\t<div class=\"elementor-widget-container\">\n\t\t\t<h2 class=\"elementor-heading-title elementor-size-default\">Punto PAE<\/h2>\t\t<\/div>\n\t\t\t\t<\/div>\n\t\t\t\t<div class=\"elementor-element elementor-element-efacc89 elementor-widget elementor-widget-text-editor\" data-id=\"efacc89\" data-element_type=\"widget\" data-widget_type=\"text-editor.default\">\n\t\t\t\t<div class=\"elementor-widget-container\">\n\t\t\t<style>\/*! elementor - v3.10.1 - 17-01-2023 *\/\n.elementor-widget-text-editor.elementor-drop-cap-view-stacked .elementor-drop-cap{background-color:#818a91;color:#fff}.elementor-widget-text-editor.elementor-drop-cap-view-framed .elementor-drop-cap{color:#818a91;border:3px solid;background-color:transparent}.elementor-widget-text-editor:not(.elementor-drop-cap-view-default) .elementor-drop-cap{margin-top:8px}.elementor-widget-text-editor:not(.elementor-drop-cap-view-default) .elementor-drop-cap-letter{width:1em;height:1em}.elementor-widget-text-editor .elementor-drop-cap{float:left;text-align:center;line-height:1;font-size:50px}.elementor-widget-text-editor .elementor-drop-cap-letter{display:inline-block}<\/style>\t\t\t\t<p><a href=\"https:\/\/paeelectronico.es\/es-es\/Paginas\/PagInicio.aspx\" target=\"_blank\" rel=\"noopener\"><img decoding=\"async\" loading=\"lazy\" class=\"alignright wp-image-56176 size-full\" src=\"https:\/\/fundacioncel.org\/wp-content\/uploads\/2014\/12\/pae14.jpg\" alt=\"Red PAE. Puntos de Atenci\u00f3n al Emprendedor\" width=\"190\" height=\"129\" \/><\/a><\/p><p>A Fundaci\u00f3n CEL mant\u00e9n activo desde 2006 e a trav\u00e9s dun convenio co Ministerio de Industria, Enerx\u00eda e Turismo, un servizo gratu\u00edto de apoio a emprendedores: o Punto de Atenci\u00f3n ao Emprendedor (PAE). Grazas a este servizo \u00e9 posible crear unha empresa dun modo moi sinxelo, xa que mediante un procedemento telem\u00e1tico, o emprendedor s\u00f3 ten que ir presencialmente ao PAE e a notar\u00edaa, evitando desprazamentos para facer o resto de tr\u00e1mites necesarios para constitu\u00edrse formalmente como empresa (empresario individual, sociedade civil, comunidade de bens, sociedade limitada, sociedade limitada nova empresa, emprendedor de responsabilidade limitada, sociedade de responsabilidade limitada laboral, e sociedade cooperativa de traballo asociado) e sen necesidade de utilizar formularios en papel.<\/p><p>Na Fundaci\u00f3n CEL asesoramos aos emprendedores na xestaci\u00f3n e definici\u00f3n do seu proxecto; iniciamos e completamos o tr\u00e1mite administrativo de creaci\u00f3n e posta en marcha da empresa a trav\u00e9s do Documento \u00danico Electr\u00f3nico (DUE), que se traslada de maneira telem\u00e1tica a todos os organismos implicados (Axencia Tributaria, Xunta de Galicia, Rexistro Mercantil, Seguridade Social etc.)\/ etc.); e proporcionamos asistencia t\u00e9cnica e tutela nas primeiras etapas de actividade empresarial.<\/p><p>O persoal da Fundaci\u00f3n CEL enc\u00e1rgase de cumprimentar os seus datos no DUE, sendo o Sistema de Tramitaci\u00f3n Telem\u00e1tica do Centro de Informaci\u00f3n e Rede de Creaci\u00f3n de Empresas (STT-CIRCE) o que realizar\u00e1 entre outras e segundo o tipo de empresa a constitu\u00edr as seguintes xesti\u00f3ns:<\/p><ul><li>Reserva da Denominaci\u00f3n Social<\/li><li>Reserva de cita co notario<\/li><li>Solicitude do CIF provisional<\/li><li>Presentaci\u00f3n da Declaraci\u00f3n Censual de Inicio de Actividade<\/li><li>Liquidaci\u00f3n do Imposto de Transmisi\u00f3ns Patrimoniais e Actos Xur\u00eddicos Documentados (ITP\/AJD)<\/li><li>Inscrici\u00f3n no Rexistro p\u00fablico correspondente<\/li><li>Tr\u00e1mites coa Tesourer\u00eda Xeral da Seguridade Social<\/li><li>Comunicaci\u00f3n de apertura de centro de traballo ante a autoridade laboral<\/li><li>Solicitude do CIF definitivo; etc.<\/li><\/ul><p>Opcionalmente, tam\u00e9n se poder\u00e1n realizar outros tr\u00e1mites como a inclusi\u00f3n de ficheiros de datos con informaci\u00f3n persoal na Axencia de Protecci\u00f3n de Datos e a reserva de dominio da internet.<\/p>\t\t\t\t\t\t<\/div>\n\t\t\t\t<\/div>\n\t\t\t\t<section class=\"elementor-section elementor-inner-section elementor-element elementor-element-8e1dbd9 elementor-section-boxed elementor-section-height-default elementor-section-height-default\" data-id=\"8e1dbd9\" data-element_type=\"section\">\n\t\t\t\t\t\t<div class=\"elementor-container elementor-column-gap-default\">\n\t\t\t\t\t<div class=\"elementor-column elementor-col-50 elementor-inner-column elementor-element elementor-element-0732074\" data-id=\"0732074\" data-element_type=\"column\">\n\t\t\t<div class=\"elementor-widget-wrap elementor-element-populated\">\n\t\t\t\t\t\t\t\t<div class=\"elementor-element elementor-element-e6e50e9 elementor-widget elementor-widget-image\" data-id=\"e6e50e9\" data-element_type=\"widget\" data-widget_type=\"image.default\">\n\t\t\t\t<div class=\"elementor-widget-container\">\n\t\t\t<style>\/*! elementor - v3.10.1 - 17-01-2023 *\/\n.elementor-widget-image{text-align:center}.elementor-widget-image a{display:inline-block}.elementor-widget-image a img[src$=\".svg\"]{width:48px}.elementor-widget-image img{vertical-align:middle;display:inline-block}<\/style>\t\t\t\t\t\t\t\t\t\t\t\t\t<a href=\"https:\/\/www.mincotur.gob.es\/es-es\/Paginas\/index.aspx\" target=\"_blank\">\n\t\t\t\t\t\t\t<img decoding=\"async\" width=\"470\" height=\"93\" src=\"https:\/\/fundacioncel.org\/wp-content\/uploads\/2023\/02\/Logo-Direccion-IPYME.png\" class=\"attachment-large size-large wp-image-67215\" alt=\"\" loading=\"lazy\" srcset=\"https:\/\/fundacioncel.org\/wp-content\/uploads\/2023\/02\/Logo-Direccion-IPYME.png 470w, https:\/\/fundacioncel.org\/wp-content\/uploads\/2023\/02\/Logo-Direccion-IPYME-300x59.png 300w\" sizes=\"(max-width: 470px) 100vw, 470px\" \/>\t\t\t\t\t\t\t\t<\/a>\n\t\t\t\t\t\t\t\t\t\t\t\t\t\t\t<\/div>\n\t\t\t\t<\/div>\n\t\t\t\t\t<\/div>\n\t\t<\/div>\n\t\t\t\t<div class=\"elementor-column elementor-col-50 elementor-inner-column elementor-element elementor-element-5a2fe52\" data-id=\"5a2fe52\" data-element_type=\"column\">\n\t\t\t<div class=\"elementor-widget-wrap elementor-element-populated\">\n\t\t\t\t\t\t\t\t<div class=\"elementor-element elementor-element-b8bf5f5 elementor-widget elementor-widget-image\" data-id=\"b8bf5f5\" data-element_type=\"widget\" data-widget_type=\"image.default\">\n\t\t\t\t<div class=\"elementor-widget-container\">\n\t\t\t\t\t\t\t\t\t\t\t\t\t\t\t\t<a href=\"https:\/\/paeelectronico.es\/es-es\/Paginas\/PagInicio.aspx\" target=\"_blank\">\n\t\t\t\t\t\t\t<img decoding=\"async\" width=\"141\" height=\"61\" src=\"https:\/\/fundacioncel.org\/wp-content\/uploads\/2014\/12\/circe.bmp\" class=\"attachment-large size-large wp-image-66900\" alt=\"\" loading=\"lazy\" \/>\t\t\t\t\t\t\t\t<\/a>\n\t\t\t\t\t\t\t\t\t\t\t\t\t\t\t<\/div>\n\t\t\t\t<\/div>\n\t\t\t\t\t<\/div>\n\t\t<\/div>\n\t\t\t\t\t\t\t<\/div>\n\t\t<\/section>\n\t\t\t\t\t<\/div>\n\t\t<\/div>\n\t\t\t\t\t\t\t<\/div>\n\t\t<\/section>\n\t\t\t\t\t\t\t<\/div>\n\t\t","protected":false},"excerpt":{"rendered":"<p>Redes Colaborativas Eixos de traballo Redes Colaborativas Polos de emprendemento Rede Eusumo Punto PAE ICEX-Invest in Spain Punto PAE A Fundaci\u00f3n CEL mant\u00e9n activo desde 2006 e a trav\u00e9s dun convenio co Ministerio de Industria, Enerx\u00eda e Turismo, un servizo gratu\u00edto de apoio a emprendedores: o Punto de Atenci\u00f3n ao Emprendedor (PAE). Grazas a este&#8230;<\/p>\n","protected":false},"author":3,"featured_media":0,"parent":67236,"menu_order":0,"comment_status":"closed","ping_status":"closed","template":"","meta":[],"acf":[],"yoast_head":"<!-- This site is optimized with the Yoast SEO plugin v20.7 - https:\/\/yoast.com\/wordpress\/plugins\/seo\/ -->\n<title>Punto de Atenci\u00f3n al Emprendedor (PAE) - FCEL<\/title>\n<meta name=\"description\" content=\"Mantenemos activo a trav\u00e9s de un convenio con el Ministerio de Industria, Energ\u00eda y Turismo, un servicio gratuito de apoyo a emprendedores: el Punto PAE.\" \/>\n<meta name=\"robots\" content=\"index, follow, max-snippet:-1, max-image-preview:large, max-video-preview:-1\" \/>\n<link rel=\"canonical\" href=\"https:\/\/fundacioncel.org\/gl\/eixos-de-traballo\/redes-colaborativas\/puntos-atencion-emprendedor\/\" \/>\n<meta property=\"og:locale\" content=\"gl_ES\" \/>\n<meta property=\"og:type\" content=\"article\" \/>\n<meta property=\"og:title\" content=\"Punto de Atenci\u00f3n al Emprendedor (PAE) - FCEL\" \/>\n<meta property=\"og:description\" content=\"Mantenemos activo a trav\u00e9s de un convenio con el Ministerio de Industria, Energ\u00eda y Turismo, un servicio gratuito de apoyo a emprendedores: el Punto PAE.\" \/>\n<meta property=\"og:url\" content=\"https:\/\/fundacioncel.org\/gl\/eixos-de-traballo\/redes-colaborativas\/puntos-atencion-emprendedor\/\" \/>\n<meta property=\"og:site_name\" content=\"FCEL\" \/>\n<meta property=\"article:publisher\" content=\"https:\/\/www.facebook.com\/fundacioncel\" \/>\n<meta property=\"article:modified_time\" content=\"2023-05-12T08:12:59+00:00\" \/>\n<meta property=\"og:image\" content=\"https:\/\/fundacioncel.org\/wp-content\/uploads\/2014\/12\/pae14.jpg\" \/>\n<meta name=\"twitter:card\" content=\"summary_large_image\" \/>\n<meta name=\"twitter:site\" content=\"@FUNDACION_CEL\" \/>\n<meta name=\"twitter:label1\" content=\"Tempo de lectura\" \/>\n\t<meta name=\"twitter:data1\" content=\"3 minutos\" \/>\n<script type=\"application\/ld+json\" class=\"yoast-schema-graph\">{\"@context\":\"https:\/\/schema.org\",\"@graph\":[{\"@type\":\"WebPage\",\"@id\":\"https:\/\/fundacioncel.org\/gl\/eixos-de-traballo\/redes-colaborativas\/puntos-atencion-emprendedor\/\",\"url\":\"https:\/\/fundacioncel.org\/gl\/eixos-de-traballo\/redes-colaborativas\/puntos-atencion-emprendedor\/\",\"name\":\"Punto de Atenci\u00f3n al Emprendedor (PAE) - FCEL\",\"isPartOf\":{\"@id\":\"https:\/\/fundacioncel.org\/gl\/#website\"},\"datePublished\":\"2023-02-03T09:37:59+00:00\",\"dateModified\":\"2023-05-12T08:12:59+00:00\",\"description\":\"Mantenemos activo a trav\u00e9s de un convenio con el Ministerio de Industria, Energ\u00eda y Turismo, un servicio gratuito de apoyo a emprendedores: el Punto PAE.\",\"breadcrumb\":{\"@id\":\"https:\/\/fundacioncel.org\/gl\/eixos-de-traballo\/redes-colaborativas\/puntos-atencion-emprendedor\/#breadcrumb\"},\"inLanguage\":\"gl-ES\",\"potentialAction\":[{\"@type\":\"ReadAction\",\"target\":[\"https:\/\/fundacioncel.org\/gl\/eixos-de-traballo\/redes-colaborativas\/puntos-atencion-emprendedor\/\"]}]},{\"@type\":\"BreadcrumbList\",\"@id\":\"https:\/\/fundacioncel.org\/gl\/eixos-de-traballo\/redes-colaborativas\/puntos-atencion-emprendedor\/#breadcrumb\",\"itemListElement\":[{\"@type\":\"ListItem\",\"position\":1,\"name\":\"Eixos de traballo\",\"item\":\"https:\/\/fundacioncel.org\/gl\/eixos-de-traballo\/\"},{\"@type\":\"ListItem\",\"position\":2,\"name\":\"Redes colaborativas\",\"item\":\"https:\/\/fundacioncel.org\/gl\/eixos-de-traballo\/redes-colaborativas\/\"},{\"@type\":\"ListItem\",\"position\":3,\"name\":\"Puntos de Atenci\u00f3n ao Emprendedor\"}]},{\"@type\":\"WebSite\",\"@id\":\"https:\/\/fundacioncel.org\/gl\/#website\",\"url\":\"https:\/\/fundacioncel.org\/gl\/\",\"name\":\"FCEL\",\"description\":\"Fomentamos el esp\u00edritu emprendedor\",\"publisher\":{\"@id\":\"https:\/\/fundacioncel.org\/gl\/#organization\"},\"potentialAction\":[{\"@type\":\"SearchAction\",\"target\":{\"@type\":\"EntryPoint\",\"urlTemplate\":\"https:\/\/fundacioncel.org\/gl\/?s={search_term_string}\"},\"query-input\":\"required name=search_term_string\"}],\"inLanguage\":\"gl-ES\"},{\"@type\":\"Organization\",\"@id\":\"https:\/\/fundacioncel.org\/gl\/#organization\",\"name\":\"FCEL\",\"url\":\"https:\/\/fundacioncel.org\/gl\/\",\"logo\":{\"@type\":\"ImageObject\",\"inLanguage\":\"gl-ES\",\"@id\":\"https:\/\/fundacioncel.org\/gl\/#\/schema\/logo\/image\/\",\"url\":\"https:\/\/fundacioncel.org\/wp-content\/uploads\/2022\/09\/logo-fcel.png\",\"contentUrl\":\"https:\/\/fundacioncel.org\/wp-content\/uploads\/2022\/09\/logo-fcel.png\",\"width\":456,\"height\":138,\"caption\":\"FCEL\"},\"image\":{\"@id\":\"https:\/\/fundacioncel.org\/gl\/#\/schema\/logo\/image\/\"},\"sameAs\":[\"https:\/\/www.facebook.com\/fundacioncel\",\"https:\/\/twitter.com\/FUNDACION_CEL\",\"https:\/\/www.linkedin.com\/company\/fundaci-n-cel---iniciativas-por-lugo\",\"https:\/\/www.instagram.com\/fcel1997\/\"]}]}<\/script>\n<!-- \/ Yoast SEO plugin. -->","yoast_head_json":{"title":"Punto de Atenci\u00f3n al Emprendedor (PAE) - FCEL","description":"Mantenemos activo a trav\u00e9s de un convenio con el Ministerio de Industria, Energ\u00eda y Turismo, un servicio gratuito de apoyo a emprendedores: el Punto PAE.","robots":{"index":"index","follow":"follow","max-snippet":"max-snippet:-1","max-image-preview":"max-image-preview:large","max-video-preview":"max-video-preview:-1"},"canonical":"https:\/\/fundacioncel.org\/gl\/eixos-de-traballo\/redes-colaborativas\/puntos-atencion-emprendedor\/","og_locale":"gl_ES","og_type":"article","og_title":"Punto de Atenci\u00f3n al Emprendedor (PAE) - FCEL","og_description":"Mantenemos activo a trav\u00e9s de un convenio con el Ministerio de Industria, Energ\u00eda y Turismo, un servicio gratuito de apoyo a emprendedores: el Punto PAE.","og_url":"https:\/\/fundacioncel.org\/gl\/eixos-de-traballo\/redes-colaborativas\/puntos-atencion-emprendedor\/","og_site_name":"FCEL","article_publisher":"https:\/\/www.facebook.com\/fundacioncel","article_modified_time":"2023-05-12T08:12:59+00:00","og_image":[{"url":"https:\/\/fundacioncel.org\/wp-content\/uploads\/2014\/12\/pae14.jpg"}],"twitter_card":"summary_large_image","twitter_site":"@FUNDACION_CEL","twitter_misc":{"Tempo de lectura":"3 minutos"},"schema":{"@context":"https:\/\/schema.org","@graph":[{"@type":"WebPage","@id":"https:\/\/fundacioncel.org\/gl\/eixos-de-traballo\/redes-colaborativas\/puntos-atencion-emprendedor\/","url":"https:\/\/fundacioncel.org\/gl\/eixos-de-traballo\/redes-colaborativas\/puntos-atencion-emprendedor\/","name":"Punto de Atenci\u00f3n al Emprendedor (PAE) - FCEL","isPartOf":{"@id":"https:\/\/fundacioncel.org\/gl\/#website"},"datePublished":"2023-02-03T09:37:59+00:00","dateModified":"2023-05-12T08:12:59+00:00","description":"Mantenemos activo a trav\u00e9s de un convenio con el Ministerio de Industria, Energ\u00eda y Turismo, un servicio gratuito de apoyo a emprendedores: el Punto PAE.","breadcrumb":{"@id":"https:\/\/fundacioncel.org\/gl\/eixos-de-traballo\/redes-colaborativas\/puntos-atencion-emprendedor\/#breadcrumb"},"inLanguage":"gl-ES","potentialAction":[{"@type":"ReadAction","target":["https:\/\/fundacioncel.org\/gl\/eixos-de-traballo\/redes-colaborativas\/puntos-atencion-emprendedor\/"]}]},{"@type":"BreadcrumbList","@id":"https:\/\/fundacioncel.org\/gl\/eixos-de-traballo\/redes-colaborativas\/puntos-atencion-emprendedor\/#breadcrumb","itemListElement":[{"@type":"ListItem","position":1,"name":"Eixos de traballo","item":"https:\/\/fundacioncel.org\/gl\/eixos-de-traballo\/"},{"@type":"ListItem","position":2,"name":"Redes colaborativas","item":"https:\/\/fundacioncel.org\/gl\/eixos-de-traballo\/redes-colaborativas\/"},{"@type":"ListItem","position":3,"name":"Puntos de Atenci\u00f3n ao Emprendedor"}]},{"@type":"WebSite","@id":"https:\/\/fundacioncel.org\/gl\/#website","url":"https:\/\/fundacioncel.org\/gl\/","name":"FCEL","description":"Fomentamos el esp\u00edritu emprendedor","publisher":{"@id":"https:\/\/fundacioncel.org\/gl\/#organization"},"potentialAction":[{"@type":"SearchAction","target":{"@type":"EntryPoint","urlTemplate":"https:\/\/fundacioncel.org\/gl\/?s={search_term_string}"},"query-input":"required name=search_term_string"}],"inLanguage":"gl-ES"},{"@type":"Organization","@id":"https:\/\/fundacioncel.org\/gl\/#organization","name":"FCEL","url":"https:\/\/fundacioncel.org\/gl\/","logo":{"@type":"ImageObject","inLanguage":"gl-ES","@id":"https:\/\/fundacioncel.org\/gl\/#\/schema\/logo\/image\/","url":"https:\/\/fundacioncel.org\/wp-content\/uploads\/2022\/09\/logo-fcel.png","contentUrl":"https:\/\/fundacioncel.org\/wp-content\/uploads\/2022\/09\/logo-fcel.png","width":456,"height":138,"caption":"FCEL"},"image":{"@id":"https:\/\/fundacioncel.org\/gl\/#\/schema\/logo\/image\/"},"sameAs":["https:\/\/www.facebook.com\/fundacioncel","https:\/\/twitter.com\/FUNDACION_CEL","https:\/\/www.linkedin.com\/company\/fundaci-n-cel---iniciativas-por-lugo","https:\/\/www.instagram.com\/fcel1997\/"]}]}},"_links":{"self":[{"href":"https:\/\/fundacioncel.org\/gl\/wp-json\/wp\/v2\/pages\/67240"}],"collection":[{"href":"https:\/\/fundacioncel.org\/gl\/wp-json\/wp\/v2\/pages"}],"about":[{"href":"https:\/\/fundacioncel.org\/gl\/wp-json\/wp\/v2\/types\/page"}],"author":[{"embeddable":true,"href":"https:\/\/fundacioncel.org\/gl\/wp-json\/wp\/v2\/users\/3"}],"replies":[{"embeddable":true,"href":"https:\/\/fundacioncel.org\/gl\/wp-json\/wp\/v2\/comments?post=67240"}],"version-history":[{"count":13,"href":"https:\/\/fundacioncel.org\/gl\/wp-json\/wp\/v2\/pages\/67240\/revisions"}],"predecessor-version":[{"id":67536,"href":"https:\/\/fundacioncel.org\/gl\/wp-json\/wp\/v2\/pages\/67240\/revisions\/67536"}],"up":[{"embeddable":true,"href":"https:\/\/fundacioncel.org\/gl\/wp-json\/wp\/v2\/pages\/67236"}],"wp:attachment":[{"href":"https:\/\/fundacioncel.org\/gl\/wp-json\/wp\/v2\/media?parent=67240"}],"curies":[{"name":"wp","href":"https:\/\/api.w.org\/{rel}","templated":true}]}}