{"id":67238,"date":"2023-02-13T17:05:01","date_gmt":"2023-02-13T16:05:01","guid":{"rendered":"https:\/\/fundacioncel.org\/eixos-de-traballo\/redes-colaborativas\/icex-invest-in-spain\/"},"modified":"2023-05-12T10:14:41","modified_gmt":"2023-05-12T08:14:41","slug":"icex-invest-in-spain","status":"publish","type":"page","link":"https:\/\/fundacioncel.org\/gl\/eixos-de-traballo\/redes-colaborativas\/icex-invest-in-spain\/","title":{"rendered":"ICEX-Invest in Spain"},"content":{"rendered":"\t\t<div data-elementor-type=\"wp-page\" data-elementor-id=\"67238\" class=\"elementor elementor-67238 elementor-61194\">\n\t\t\t\t\t\t\t\t\t<section class=\"elementor-section elementor-top-section elementor-element elementor-element-92dcf6a elementor-section-boxed elementor-section-height-default elementor-section-height-default\" data-id=\"92dcf6a\" data-element_type=\"section\" data-settings=\"{&quot;background_background&quot;:&quot;classic&quot;}\">\n\t\t\t\t\t\t<div class=\"elementor-container elementor-column-gap-default\">\n\t\t\t\t\t<div class=\"elementor-column elementor-col-100 elementor-top-column elementor-element elementor-element-081640d\" data-id=\"081640d\" data-element_type=\"column\">\n\t\t\t<div class=\"elementor-widget-wrap elementor-element-populated\">\n\t\t\t\t\t\t\t\t<div class=\"elementor-element elementor-element-82daaaf elementor-widget elementor-widget-heading\" data-id=\"82daaaf\" data-element_type=\"widget\" data-widget_type=\"heading.default\">\n\t\t\t\t<div class=\"elementor-widget-container\">\n\t\t\t<style>\/*! elementor - v3.10.1 - 17-01-2023 *\/\n.elementor-heading-title{padding:0;margin:0;line-height:1}.elementor-widget-heading .elementor-heading-title[class*=elementor-size-]>a{color:inherit;font-size:inherit;line-height:inherit}.elementor-widget-heading .elementor-heading-title.elementor-size-small{font-size:15px}.elementor-widget-heading .elementor-heading-title.elementor-size-medium{font-size:19px}.elementor-widget-heading .elementor-heading-title.elementor-size-large{font-size:29px}.elementor-widget-heading .elementor-heading-title.elementor-size-xl{font-size:39px}.elementor-widget-heading .elementor-heading-title.elementor-size-xxl{font-size:59px}<\/style><h1 class=\"elementor-heading-title elementor-size-default\">Redes Colaborativas<\/h1>\t\t<\/div>\n\t\t\t\t<\/div>\n\t\t\t\t\t<\/div>\n\t\t<\/div>\n\t\t\t\t\t\t\t<\/div>\n\t\t<\/section>\n\t\t\t\t<section class=\"elementor-section elementor-top-section elementor-element elementor-element-04d2688 elementor-section-boxed elementor-section-height-default elementor-section-height-default\" data-id=\"04d2688\" data-element_type=\"section\">\n\t\t\t\t\t\t<div class=\"elementor-container elementor-column-gap-default\">\n\t\t\t\t\t<div class=\"elementor-column elementor-col-33 elementor-top-column elementor-element elementor-element-7ab4d83\" data-id=\"7ab4d83\" data-element_type=\"column\">\n\t\t\t<div class=\"elementor-widget-wrap elementor-element-populated\">\n\t\t\t\t\t\t\t\t<section class=\"elementor-section elementor-inner-section elementor-element elementor-element-ec8159d elementor-section-boxed elementor-section-height-default elementor-section-height-default\" data-id=\"ec8159d\" data-element_type=\"section\">\n\t\t\t\t\t\t<div class=\"elementor-container elementor-column-gap-default\">\n\t\t\t\t\t<div class=\"elementor-column elementor-col-100 elementor-inner-column elementor-element elementor-element-1f5b471\" data-id=\"1f5b471\" data-element_type=\"column\">\n\t\t\t<div class=\"elementor-widget-wrap elementor-element-populated\">\n\t\t\t\t\t\t\t\t<div class=\"elementor-element elementor-element-eab0fd8 elementor-widget elementor-widget-heading\" data-id=\"eab0fd8\" data-element_type=\"widget\" data-widget_type=\"heading.default\">\n\t\t\t\t<div class=\"elementor-widget-container\">\n\t\t\t<h4 class=\"elementor-heading-title elementor-size-default\"><a href=\"https:\/\/fundacioncel.org\/gl\/eixos-de-traballo\/\">Eixos de traballo<\/a><\/h4>\t\t<\/div>\n\t\t\t\t<\/div>\n\t\t\t\t<div class=\"elementor-element elementor-element-66ddec9 elementor-widget elementor-widget-heading\" data-id=\"66ddec9\" data-element_type=\"widget\" data-widget_type=\"heading.default\">\n\t\t\t\t<div class=\"elementor-widget-container\">\n\t\t\t<h5 class=\"elementor-heading-title elementor-size-default\"><a href=\"https:\/\/fundacioncel.org\/gl\/eixos-de-traballo\/redes-colaborativas\/\">Redes Colaborativas<\/a><\/h5>\t\t<\/div>\n\t\t\t\t<\/div>\n\t\t\t\t<div class=\"elementor-element elementor-element-56c10e3 elementor-widget elementor-widget-heading\" data-id=\"56c10e3\" data-element_type=\"widget\" data-widget_type=\"heading.default\">\n\t\t\t\t<div class=\"elementor-widget-container\">\n\t\t\t<h6 class=\"elementor-heading-title elementor-size-default\"><a href=\"#\">Polos de emprendemento<\/a><\/h6>\t\t<\/div>\n\t\t\t\t<\/div>\n\t\t\t\t<div class=\"elementor-element elementor-element-f9fe799 elementor-widget elementor-widget-heading\" data-id=\"f9fe799\" data-element_type=\"widget\" data-widget_type=\"heading.default\">\n\t\t\t\t<div class=\"elementor-widget-container\">\n\t\t\t<h6 class=\"elementor-heading-title elementor-size-default\"><a href=\"https:\/\/fundacioncel.org\/gl\/eixos-de-traballo\/redes-colaborativas\/rede-eusumo\/\">Rede Eusumo<\/a><\/h6>\t\t<\/div>\n\t\t\t\t<\/div>\n\t\t\t\t<div class=\"elementor-element elementor-element-d7a52ef elementor-widget elementor-widget-heading\" data-id=\"d7a52ef\" data-element_type=\"widget\" data-widget_type=\"heading.default\">\n\t\t\t\t<div class=\"elementor-widget-container\">\n\t\t\t<h6 class=\"elementor-heading-title elementor-size-default\"><a href=\"https:\/\/fundacioncel.org\/gl\/eixos-de-traballo\/redes-colaborativas\/puntos-atencion-emprendedor\/\">Punto PAE<\/a><\/h6>\t\t<\/div>\n\t\t\t\t<\/div>\n\t\t\t\t<div class=\"elementor-element elementor-element-d7ce101 elementor-widget elementor-widget-heading\" data-id=\"d7ce101\" data-element_type=\"widget\" data-widget_type=\"heading.default\">\n\t\t\t\t<div class=\"elementor-widget-container\">\n\t\t\t<h6 class=\"elementor-heading-title elementor-size-default\"><a href=\"https:\/\/fundacioncel.org\/gl\/eixos-de-traballo\/redes-colaborativas\/icex-invest-in-spain\/\">ICEX-Invest in Spain<\/a><\/h6>\t\t<\/div>\n\t\t\t\t<\/div>\n\t\t\t\t\t<\/div>\n\t\t<\/div>\n\t\t\t\t\t\t\t<\/div>\n\t\t<\/section>\n\t\t\t\t\t<\/div>\n\t\t<\/div>\n\t\t\t\t<div class=\"elementor-column elementor-col-66 elementor-top-column elementor-element elementor-element-410536d\" data-id=\"410536d\" data-element_type=\"column\" id=\"content\">\n\t\t\t<div class=\"elementor-widget-wrap elementor-element-populated\">\n\t\t\t\t\t\t\t\t<div class=\"elementor-element elementor-element-025de8b elementor-widget elementor-widget-heading\" data-id=\"025de8b\" data-element_type=\"widget\" data-widget_type=\"heading.default\">\n\t\t\t\t<div class=\"elementor-widget-container\">\n\t\t\t<h2 class=\"elementor-heading-title elementor-size-default\">ICEX-Invest in Spain<\/h2>\t\t<\/div>\n\t\t\t\t<\/div>\n\t\t\t\t<div class=\"elementor-element elementor-element-7f4b958 elementor-widget elementor-widget-text-editor\" data-id=\"7f4b958\" data-element_type=\"widget\" data-widget_type=\"text-editor.default\">\n\t\t\t\t<div class=\"elementor-widget-container\">\n\t\t\t<style>\/*! elementor - v3.10.1 - 17-01-2023 *\/\n.elementor-widget-text-editor.elementor-drop-cap-view-stacked .elementor-drop-cap{background-color:#818a91;color:#fff}.elementor-widget-text-editor.elementor-drop-cap-view-framed .elementor-drop-cap{color:#818a91;border:3px solid;background-color:transparent}.elementor-widget-text-editor:not(.elementor-drop-cap-view-default) .elementor-drop-cap{margin-top:8px}.elementor-widget-text-editor:not(.elementor-drop-cap-view-default) .elementor-drop-cap-letter{width:1em;height:1em}.elementor-widget-text-editor .elementor-drop-cap{float:left;text-align:center;line-height:1;font-size:50px}.elementor-widget-text-editor .elementor-drop-cap-letter{display:inline-block}<\/style>\t\t\t\t<p>FCEL establ\u00e9cese como socio local dentro do programa Rising Up in Spain, de ICEX-Invest in Spain, un programa que fomenta o establecemento dun ecosistema de innovaci\u00f3n colaborativa \u00fanico en Europa, co obxectivo de acelerar o crecemento global de proxectos emprendedores e start-ups. A colaboraci\u00f3n entre proxectos e socios colaboradores permite o desenvolvemento de soluci\u00f3ns tecnol\u00f3xicas para os proxectos, que son acollidos en programas de aceleraci\u00f3n co obxectivo de establecerse en Espa\u00f1a.<\/p><p>La colaboraci\u00f3n entre proyectos y socios colaboradores permite el desarrollo de soluciones tecnol\u00f3gicas para los proyectos, que son acogidos en programas de aceleraci\u00f3n con el objetivo de establecerse en Espa\u00f1a.<\/p>\t\t\t\t\t\t<\/div>\n\t\t\t\t<\/div>\n\t\t\t\t<section class=\"elementor-section elementor-inner-section elementor-element elementor-element-8e1dbd9 elementor-section-boxed elementor-section-height-default elementor-section-height-default\" data-id=\"8e1dbd9\" data-element_type=\"section\">\n\t\t\t\t\t\t<div class=\"elementor-container elementor-column-gap-default\">\n\t\t\t\t\t<div class=\"elementor-column elementor-col-100 elementor-inner-column elementor-element elementor-element-5a2fe52\" data-id=\"5a2fe52\" data-element_type=\"column\">\n\t\t\t<div class=\"elementor-widget-wrap elementor-element-populated\">\n\t\t\t\t\t\t\t\t<div class=\"elementor-element elementor-element-722e348 elementor-widget elementor-widget-image\" data-id=\"722e348\" data-element_type=\"widget\" data-widget_type=\"image.default\">\n\t\t\t\t<div class=\"elementor-widget-container\">\n\t\t\t<style>\/*! elementor - v3.10.1 - 17-01-2023 *\/\n.elementor-widget-image{text-align:center}.elementor-widget-image a{display:inline-block}.elementor-widget-image a img[src$=\".svg\"]{width:48px}.elementor-widget-image img{vertical-align:middle;display:inline-block}<\/style>\t\t\t\t\t\t\t\t\t\t\t\t\t<a href=\"https:\/\/www.investinspain.org\/content\/icex-invest\/es\/index.html\" target=\"_blank\">\n\t\t\t\t\t\t\t<img decoding=\"async\" src=\"https:\/\/fundacioncel.org\/wp-content\/uploads\/2023\/02\/icex-invest-spain.png\" title=\"ICEX Invest In Spain\" alt=\"ICEX Invest In Spain\" loading=\"lazy\" \/>\t\t\t\t\t\t\t\t<\/a>\n\t\t\t\t\t\t\t\t\t\t\t\t\t\t\t<\/div>\n\t\t\t\t<\/div>\n\t\t\t\t\t<\/div>\n\t\t<\/div>\n\t\t\t\t\t\t\t<\/div>\n\t\t<\/section>\n\t\t\t\t\t<\/div>\n\t\t<\/div>\n\t\t\t\t\t\t\t<\/div>\n\t\t<\/section>\n\t\t\t\t\t\t\t<\/div>\n\t\t","protected":false},"excerpt":{"rendered":"<p>Redes Colaborativas Eixos de traballo Redes Colaborativas Polos de emprendemento Rede Eusumo Punto PAE ICEX-Invest in Spain ICEX-Invest in Spain FCEL establ\u00e9cese como socio local dentro do programa Rising Up in Spain, de ICEX-Invest in Spain, un programa que fomenta o establecemento dun ecosistema de innovaci\u00f3n colaborativa \u00fanico en Europa, co obxectivo de acelerar o&#8230;<\/p>\n","protected":false},"author":3,"featured_media":0,"parent":67236,"menu_order":0,"comment_status":"closed","ping_status":"closed","template":"","meta":[],"acf":[],"yoast_head":"<!-- This site is optimized with the Yoast SEO plugin v20.7 - https:\/\/yoast.com\/wordpress\/plugins\/seo\/ -->\n<title>Socios de ICEX-Invest in Spain - FCEL<\/title>\n<meta name=\"description\" content=\"Somos socios del programa Rising Up in Spain, de ICEX-Invest in Spain, que fomenta un ecosistema de innovaci\u00f3n colaborativa \u00fanico en Europa.\" \/>\n<meta name=\"robots\" content=\"index, follow, max-snippet:-1, max-image-preview:large, max-video-preview:-1\" \/>\n<link rel=\"canonical\" href=\"https:\/\/fundacioncel.org\/gl\/eixos-de-traballo\/redes-colaborativas\/icex-invest-in-spain\/\" \/>\n<meta property=\"og:locale\" content=\"gl_ES\" \/>\n<meta property=\"og:type\" content=\"article\" \/>\n<meta property=\"og:title\" content=\"Socios de ICEX-Invest in Spain - FCEL\" \/>\n<meta property=\"og:description\" content=\"Somos socios del programa Rising Up in Spain, de ICEX-Invest in Spain, que fomenta un ecosistema de innovaci\u00f3n colaborativa \u00fanico en Europa.\" \/>\n<meta property=\"og:url\" content=\"https:\/\/fundacioncel.org\/gl\/eixos-de-traballo\/redes-colaborativas\/icex-invest-in-spain\/\" \/>\n<meta property=\"og:site_name\" content=\"FCEL\" \/>\n<meta property=\"article:publisher\" content=\"https:\/\/www.facebook.com\/fundacioncel\" \/>\n<meta property=\"article:modified_time\" content=\"2023-05-12T08:14:41+00:00\" \/>\n<meta property=\"og:image\" content=\"https:\/\/fundacioncel.org\/wp-content\/uploads\/2023\/02\/icex-invest-spain.png\" \/>\n<meta name=\"twitter:card\" content=\"summary_large_image\" \/>\n<meta name=\"twitter:site\" content=\"@FUNDACION_CEL\" \/>\n<meta name=\"twitter:label1\" content=\"Tempo de lectura\" \/>\n\t<meta name=\"twitter:data1\" content=\"1 minuto\" \/>\n<script type=\"application\/ld+json\" class=\"yoast-schema-graph\">{\"@context\":\"https:\/\/schema.org\",\"@graph\":[{\"@type\":\"WebPage\",\"@id\":\"https:\/\/fundacioncel.org\/gl\/eixos-de-traballo\/redes-colaborativas\/icex-invest-in-spain\/\",\"url\":\"https:\/\/fundacioncel.org\/gl\/eixos-de-traballo\/redes-colaborativas\/icex-invest-in-spain\/\",\"name\":\"Socios de ICEX-Invest in Spain - FCEL\",\"isPartOf\":{\"@id\":\"https:\/\/fundacioncel.org\/gl\/#website\"},\"datePublished\":\"2023-02-13T16:05:01+00:00\",\"dateModified\":\"2023-05-12T08:14:41+00:00\",\"description\":\"Somos socios del programa Rising Up in Spain, de ICEX-Invest in Spain, que fomenta un ecosistema de innovaci\u00f3n colaborativa \u00fanico en Europa.\",\"breadcrumb\":{\"@id\":\"https:\/\/fundacioncel.org\/gl\/eixos-de-traballo\/redes-colaborativas\/icex-invest-in-spain\/#breadcrumb\"},\"inLanguage\":\"gl-ES\",\"potentialAction\":[{\"@type\":\"ReadAction\",\"target\":[\"https:\/\/fundacioncel.org\/gl\/eixos-de-traballo\/redes-colaborativas\/icex-invest-in-spain\/\"]}]},{\"@type\":\"BreadcrumbList\",\"@id\":\"https:\/\/fundacioncel.org\/gl\/eixos-de-traballo\/redes-colaborativas\/icex-invest-in-spain\/#breadcrumb\",\"itemListElement\":[{\"@type\":\"ListItem\",\"position\":1,\"name\":\"Eixos de traballo\",\"item\":\"https:\/\/fundacioncel.org\/gl\/eixos-de-traballo\/\"},{\"@type\":\"ListItem\",\"position\":2,\"name\":\"Redes colaborativas\",\"item\":\"https:\/\/fundacioncel.org\/gl\/eixos-de-traballo\/redes-colaborativas\/\"},{\"@type\":\"ListItem\",\"position\":3,\"name\":\"ICEX-Invest in Spain\"}]},{\"@type\":\"WebSite\",\"@id\":\"https:\/\/fundacioncel.org\/gl\/#website\",\"url\":\"https:\/\/fundacioncel.org\/gl\/\",\"name\":\"FCEL\",\"description\":\"Fomentamos el esp\u00edritu emprendedor\",\"publisher\":{\"@id\":\"https:\/\/fundacioncel.org\/gl\/#organization\"},\"potentialAction\":[{\"@type\":\"SearchAction\",\"target\":{\"@type\":\"EntryPoint\",\"urlTemplate\":\"https:\/\/fundacioncel.org\/gl\/?s={search_term_string}\"},\"query-input\":\"required name=search_term_string\"}],\"inLanguage\":\"gl-ES\"},{\"@type\":\"Organization\",\"@id\":\"https:\/\/fundacioncel.org\/gl\/#organization\",\"name\":\"FCEL\",\"url\":\"https:\/\/fundacioncel.org\/gl\/\",\"logo\":{\"@type\":\"ImageObject\",\"inLanguage\":\"gl-ES\",\"@id\":\"https:\/\/fundacioncel.org\/gl\/#\/schema\/logo\/image\/\",\"url\":\"https:\/\/fundacioncel.org\/wp-content\/uploads\/2022\/09\/logo-fcel.png\",\"contentUrl\":\"https:\/\/fundacioncel.org\/wp-content\/uploads\/2022\/09\/logo-fcel.png\",\"width\":456,\"height\":138,\"caption\":\"FCEL\"},\"image\":{\"@id\":\"https:\/\/fundacioncel.org\/gl\/#\/schema\/logo\/image\/\"},\"sameAs\":[\"https:\/\/www.facebook.com\/fundacioncel\",\"https:\/\/twitter.com\/FUNDACION_CEL\",\"https:\/\/www.linkedin.com\/company\/fundaci-n-cel---iniciativas-por-lugo\",\"https:\/\/www.instagram.com\/fcel1997\/\"]}]}<\/script>\n<!-- \/ Yoast SEO plugin. -->","yoast_head_json":{"title":"Socios de ICEX-Invest in Spain - FCEL","description":"Somos socios del programa Rising Up in Spain, de ICEX-Invest in Spain, que fomenta un ecosistema de innovaci\u00f3n colaborativa \u00fanico en Europa.","robots":{"index":"index","follow":"follow","max-snippet":"max-snippet:-1","max-image-preview":"max-image-preview:large","max-video-preview":"max-video-preview:-1"},"canonical":"https:\/\/fundacioncel.org\/gl\/eixos-de-traballo\/redes-colaborativas\/icex-invest-in-spain\/","og_locale":"gl_ES","og_type":"article","og_title":"Socios de ICEX-Invest in Spain - FCEL","og_description":"Somos socios del programa Rising Up in Spain, de ICEX-Invest in Spain, que fomenta un ecosistema de innovaci\u00f3n colaborativa \u00fanico en Europa.","og_url":"https:\/\/fundacioncel.org\/gl\/eixos-de-traballo\/redes-colaborativas\/icex-invest-in-spain\/","og_site_name":"FCEL","article_publisher":"https:\/\/www.facebook.com\/fundacioncel","article_modified_time":"2023-05-12T08:14:41+00:00","og_image":[{"url":"https:\/\/fundacioncel.org\/wp-content\/uploads\/2023\/02\/icex-invest-spain.png"}],"twitter_card":"summary_large_image","twitter_site":"@FUNDACION_CEL","twitter_misc":{"Tempo de lectura":"1 minuto"},"schema":{"@context":"https:\/\/schema.org","@graph":[{"@type":"WebPage","@id":"https:\/\/fundacioncel.org\/gl\/eixos-de-traballo\/redes-colaborativas\/icex-invest-in-spain\/","url":"https:\/\/fundacioncel.org\/gl\/eixos-de-traballo\/redes-colaborativas\/icex-invest-in-spain\/","name":"Socios de ICEX-Invest in Spain - FCEL","isPartOf":{"@id":"https:\/\/fundacioncel.org\/gl\/#website"},"datePublished":"2023-02-13T16:05:01+00:00","dateModified":"2023-05-12T08:14:41+00:00","description":"Somos socios del programa Rising Up in Spain, de ICEX-Invest in Spain, que fomenta un ecosistema de innovaci\u00f3n colaborativa \u00fanico en Europa.","breadcrumb":{"@id":"https:\/\/fundacioncel.org\/gl\/eixos-de-traballo\/redes-colaborativas\/icex-invest-in-spain\/#breadcrumb"},"inLanguage":"gl-ES","potentialAction":[{"@type":"ReadAction","target":["https:\/\/fundacioncel.org\/gl\/eixos-de-traballo\/redes-colaborativas\/icex-invest-in-spain\/"]}]},{"@type":"BreadcrumbList","@id":"https:\/\/fundacioncel.org\/gl\/eixos-de-traballo\/redes-colaborativas\/icex-invest-in-spain\/#breadcrumb","itemListElement":[{"@type":"ListItem","position":1,"name":"Eixos de traballo","item":"https:\/\/fundacioncel.org\/gl\/eixos-de-traballo\/"},{"@type":"ListItem","position":2,"name":"Redes colaborativas","item":"https:\/\/fundacioncel.org\/gl\/eixos-de-traballo\/redes-colaborativas\/"},{"@type":"ListItem","position":3,"name":"ICEX-Invest in Spain"}]},{"@type":"WebSite","@id":"https:\/\/fundacioncel.org\/gl\/#website","url":"https:\/\/fundacioncel.org\/gl\/","name":"FCEL","description":"Fomentamos el esp\u00edritu emprendedor","publisher":{"@id":"https:\/\/fundacioncel.org\/gl\/#organization"},"potentialAction":[{"@type":"SearchAction","target":{"@type":"EntryPoint","urlTemplate":"https:\/\/fundacioncel.org\/gl\/?s={search_term_string}"},"query-input":"required name=search_term_string"}],"inLanguage":"gl-ES"},{"@type":"Organization","@id":"https:\/\/fundacioncel.org\/gl\/#organization","name":"FCEL","url":"https:\/\/fundacioncel.org\/gl\/","logo":{"@type":"ImageObject","inLanguage":"gl-ES","@id":"https:\/\/fundacioncel.org\/gl\/#\/schema\/logo\/image\/","url":"https:\/\/fundacioncel.org\/wp-content\/uploads\/2022\/09\/logo-fcel.png","contentUrl":"https:\/\/fundacioncel.org\/wp-content\/uploads\/2022\/09\/logo-fcel.png","width":456,"height":138,"caption":"FCEL"},"image":{"@id":"https:\/\/fundacioncel.org\/gl\/#\/schema\/logo\/image\/"},"sameAs":["https:\/\/www.facebook.com\/fundacioncel","https:\/\/twitter.com\/FUNDACION_CEL","https:\/\/www.linkedin.com\/company\/fundaci-n-cel---iniciativas-por-lugo","https:\/\/www.instagram.com\/fcel1997\/"]}]}},"_links":{"self":[{"href":"https:\/\/fundacioncel.org\/gl\/wp-json\/wp\/v2\/pages\/67238"}],"collection":[{"href":"https:\/\/fundacioncel.org\/gl\/wp-json\/wp\/v2\/pages"}],"about":[{"href":"https:\/\/fundacioncel.org\/gl\/wp-json\/wp\/v2\/types\/page"}],"author":[{"embeddable":true,"href":"https:\/\/fundacioncel.org\/gl\/wp-json\/wp\/v2\/users\/3"}],"replies":[{"embeddable":true,"href":"https:\/\/fundacioncel.org\/gl\/wp-json\/wp\/v2\/comments?post=67238"}],"version-history":[{"count":14,"href":"https:\/\/fundacioncel.org\/gl\/wp-json\/wp\/v2\/pages\/67238\/revisions"}],"predecessor-version":[{"id":67542,"href":"https:\/\/fundacioncel.org\/gl\/wp-json\/wp\/v2\/pages\/67238\/revisions\/67542"}],"up":[{"embeddable":true,"href":"https:\/\/fundacioncel.org\/gl\/wp-json\/wp\/v2\/pages\/67236"}],"wp:attachment":[{"href":"https:\/\/fundacioncel.org\/gl\/wp-json\/wp\/v2\/media?parent=67238"}],"curies":[{"name":"wp","href":"https:\/\/api.w.org\/{rel}","templated":true}]}}