{"id":67229,"date":"2022-04-22T07:07:38","date_gmt":"2022-04-22T05:07:38","guid":{"rendered":"https:\/\/fundacioncel.org\/contacto\/"},"modified":"2023-05-10T13:22:23","modified_gmt":"2023-05-10T11:22:23","slug":"contacto","status":"publish","type":"page","link":"https:\/\/fundacioncel.org\/gl\/contacto\/","title":{"rendered":"Contacto"},"content":{"rendered":"\t\t<div data-elementor-type=\"wp-page\" data-elementor-id=\"67229\" class=\"elementor elementor-67229 elementor-431\">\n\t\t\t\t\t\t\t\t\t<section class=\"elementor-section elementor-top-section elementor-element elementor-element-90bb7cb elementor-section-boxed elementor-section-height-default elementor-section-height-default\" data-id=\"90bb7cb\" data-element_type=\"section\" data-settings=\"{&quot;background_background&quot;:&quot;classic&quot;}\">\n\t\t\t\t\t\t<div class=\"elementor-container elementor-column-gap-default\">\n\t\t\t\t\t<div class=\"elementor-column elementor-col-100 elementor-top-column elementor-element elementor-element-e556698\" data-id=\"e556698\" data-element_type=\"column\">\n\t\t\t<div class=\"elementor-widget-wrap elementor-element-populated\">\n\t\t\t\t\t\t\t\t<div class=\"elementor-element elementor-element-83d5d9e elementor-widget elementor-widget-heading\" data-id=\"83d5d9e\" data-element_type=\"widget\" data-widget_type=\"heading.default\">\n\t\t\t\t<div class=\"elementor-widget-container\">\n\t\t\t<style>\/*! elementor - v3.10.1 - 17-01-2023 *\/\n.elementor-heading-title{padding:0;margin:0;line-height:1}.elementor-widget-heading .elementor-heading-title[class*=elementor-size-]>a{color:inherit;font-size:inherit;line-height:inherit}.elementor-widget-heading .elementor-heading-title.elementor-size-small{font-size:15px}.elementor-widget-heading .elementor-heading-title.elementor-size-medium{font-size:19px}.elementor-widget-heading .elementor-heading-title.elementor-size-large{font-size:29px}.elementor-widget-heading .elementor-heading-title.elementor-size-xl{font-size:39px}.elementor-widget-heading .elementor-heading-title.elementor-size-xxl{font-size:59px}<\/style><h2 class=\"elementor-heading-title elementor-size-default\">Cont\u00e1ctanos<\/h2>\t\t<\/div>\n\t\t\t\t<\/div>\n\t\t\t\t<div class=\"elementor-element elementor-element-6cc52a1 elementor-widget elementor-widget-text-editor\" data-id=\"6cc52a1\" data-element_type=\"widget\" data-widget_type=\"text-editor.default\">\n\t\t\t\t<div class=\"elementor-widget-container\">\n\t\t\t<style>\/*! elementor - v3.10.1 - 17-01-2023 *\/\n.elementor-widget-text-editor.elementor-drop-cap-view-stacked .elementor-drop-cap{background-color:#818a91;color:#fff}.elementor-widget-text-editor.elementor-drop-cap-view-framed .elementor-drop-cap{color:#818a91;border:3px solid;background-color:transparent}.elementor-widget-text-editor:not(.elementor-drop-cap-view-default) .elementor-drop-cap{margin-top:8px}.elementor-widget-text-editor:not(.elementor-drop-cap-view-default) .elementor-drop-cap-letter{width:1em;height:1em}.elementor-widget-text-editor .elementor-drop-cap{float:left;text-align:center;line-height:1;font-size:50px}.elementor-widget-text-editor .elementor-drop-cap-letter{display:inline-block}<\/style>\t\t\t\t<p>S\u00edntete libre de contactar connosco en calquera momento e responder\u00e9moste tan pronto como sexa posible.<\/p>\t\t\t\t\t\t<\/div>\n\t\t\t\t<\/div>\n\t\t\t\t\t<\/div>\n\t\t<\/div>\n\t\t\t\t\t\t\t<\/div>\n\t\t<\/section>\n\t\t\t\t<section class=\"elementor-section elementor-top-section elementor-element elementor-element-b328d0a elementor-section-boxed elementor-section-height-default elementor-section-height-default\" data-id=\"b328d0a\" data-element_type=\"section\">\n\t\t\t\t\t\t<div class=\"elementor-container elementor-column-gap-default\">\n\t\t\t\t\t<div class=\"elementor-column elementor-col-100 elementor-top-column elementor-element elementor-element-6dc56ea\" data-id=\"6dc56ea\" data-element_type=\"column\" data-settings=\"{&quot;background_background&quot;:&quot;classic&quot;}\">\n\t\t\t<div class=\"elementor-widget-wrap elementor-element-populated\">\n\t\t\t\t\t\t\t\t<section class=\"elementor-section elementor-inner-section elementor-element elementor-element-c16c7e1 elementor-section-boxed elementor-section-height-default elementor-section-height-default\" data-id=\"c16c7e1\" data-element_type=\"section\">\n\t\t\t\t\t\t<div class=\"elementor-container elementor-column-gap-no\">\n\t\t\t\t\t<div class=\"elementor-column elementor-col-50 elementor-inner-column elementor-element elementor-element-9d24dd9\" data-id=\"9d24dd9\" data-element_type=\"column\">\n\t\t\t<div class=\"elementor-widget-wrap elementor-element-populated\">\n\t\t\t\t\t\t\t\t<div class=\"elementor-element elementor-element-12c6009 elementor-widget elementor-widget-heading\" data-id=\"12c6009\" data-element_type=\"widget\" data-widget_type=\"heading.default\">\n\t\t\t\t<div class=\"elementor-widget-container\">\n\t\t\t<h4 class=\"elementor-heading-title elementor-size-default\">Fundaci\u00f3n CEL<\/h4>\t\t<\/div>\n\t\t\t\t<\/div>\n\t\t\t\t<div class=\"elementor-element elementor-element-e13b8ed elementor-widget elementor-widget-text-editor\" data-id=\"e13b8ed\" data-element_type=\"widget\" data-widget_type=\"text-editor.default\">\n\t\t\t\t<div class=\"elementor-widget-container\">\n\t\t\t\t\t\t\t<p>Pazo de Feiras e Congresos de Lugo<br \/>El Palomar s\/n. 27004 Lugo<\/p>\n\t\t\t\t\t\t<\/div>\n\t\t\t\t<\/div>\n\t\t\t\t<div class=\"elementor-element elementor-element-8468bee elementor-widget elementor-widget-text-editor\" data-id=\"8468bee\" data-element_type=\"widget\" data-widget_type=\"text-editor.default\">\n\t\t\t\t<div class=\"elementor-widget-container\">\n\t\t\t\t\t\t\t<p>+34 982 284 150<\/p>\n\t\t\t\t\t\t<\/div>\n\t\t\t\t<\/div>\n\t\t\t\t<div class=\"elementor-element elementor-element-342f66a elementor-widget elementor-widget-text-editor\" data-id=\"342f66a\" data-element_type=\"widget\" data-widget_type=\"text-editor.default\">\n\t\t\t\t<div class=\"elementor-widget-container\">\n\t\t\t\t\t\t\t<p>info@fundacioncel.org<\/p>\n\t\t\t\t\t\t<\/div>\n\t\t\t\t<\/div>\n\t\t\t\t\t<\/div>\n\t\t<\/div>\n\t\t\t\t<div class=\"elementor-column elementor-col-50 elementor-inner-column elementor-element elementor-element-3037590\" data-id=\"3037590\" data-element_type=\"column\">\n\t\t\t<div class=\"elementor-widget-wrap elementor-element-populated\">\n\t\t\t\t\t\t\t\t<div class=\"elementor-element elementor-element-b9dd037 elementor-widget elementor-widget-shortcode\" data-id=\"b9dd037\" data-element_type=\"widget\" data-widget_type=\"shortcode.default\">\n\t\t\t\t<div class=\"elementor-widget-container\">\n\t\t\t\t\t<div class=\"elementor-shortcode\">\n<div class=\"wpcf7 no-js\" id=\"wpcf7-f67233-o1\" lang=\"gl-ES\" dir=\"ltr\">\n<div class=\"screen-reader-response\"><p role=\"status\" aria-live=\"polite\" aria-atomic=\"true\"><\/p> <ul><\/ul><\/div>\n<form action=\"\/gl\/wp-json\/wp\/v2\/pages\/67229#wpcf7-f67233-o1\" method=\"post\" class=\"wpcf7-form init\" aria-label=\"Formulario de contacto\" enctype=\"multipart\/form-data\" novalidate=\"novalidate\" data-status=\"init\">\n<div style=\"display: none;\">\n<input type=\"hidden\" name=\"_wpcf7\" value=\"67233\" \/>\n<input type=\"hidden\" name=\"_wpcf7_version\" value=\"5.7.4\" \/>\n<input type=\"hidden\" name=\"_wpcf7_locale\" value=\"gl_ES\" \/>\n<input type=\"hidden\" name=\"_wpcf7_unit_tag\" value=\"wpcf7-f67233-o1\" \/>\n<input type=\"hidden\" name=\"_wpcf7_container_post\" value=\"0\" \/>\n<input type=\"hidden\" name=\"_wpcf7_posted_data_hash\" value=\"\" \/>\n<input type=\"hidden\" name=\"_uacf7_hidden_conditional_fields\" value=\"\" \/>\n<\/div>\n                <style>\n                    .uacf7-uacf7style-67233 label {\n                        color: ;\n                        background-color: ;\n                        font-size: px;\n                        font-family: ;\n                        font-style: normal;\n                        font-weight: normal;\n                        padding-top: px;\n                        padding-right: px;\n                        padding-bottom: px;\n                        padding-left: px;\n                        margin-top: px;\n                        margin-right: px;\n                        margin-bottom: px;\n                        margin-left: px;\n                    }\n                    .uacf7-uacf7style-67233 input[type=\"email\"],\n                    .uacf7-uacf7style-67233 input[type=\"number\"],\n                    .uacf7-uacf7style-67233 input[type=\"password\"],\n                    .uacf7-uacf7style-67233 input[type=\"search\"],\n                    .uacf7-uacf7style-67233 input[type=\"tel\"],\n                    .uacf7-uacf7style-67233 input[type=\"text\"],\n                    .uacf7-uacf7style-67233 input[type=\"url\"],\n                    .uacf7-uacf7style-67233 input[type=\"date\"],\n                    .uacf7-uacf7style-67233 select,\n                    .uacf7-uacf7style-67233 textarea {\n                        color: ;\n                        background-color: ;\n                        font-size: px;\n                        font-family: ;\n                        font-style: normal;\n                        font-weight: normal;\n                        height: px;\n                        border-width: px;\n                        border-color: ;\n                        border-style: ninguno;\n                        border-radius: 16px;\n                        padding-top: 20px;\n                        padding-right: px;\n                        padding-bottom: 20px;\n                        padding-left: px;\n                        margin-top: 20px;\n                        margin-right: px;\n                        margin-bottom: 20px;\n                        margin-left: px;\n                    }\n                    .uacf7-uacf7style-67233 .wpcf7-radio span,\n                    .uacf7-uacf7style-67233 .wpcf7-checkbox span {\n                        color: ;\n                        font-size: px;\n                        font-family: ;\n                        font-style: normal;\n                        font-weight: normal;\n                    }\n                    .uacf7-uacf7style-67233 textarea {\n                        height: px;\n                    }\n                    .wpcf7-form-control-wrap select {\n                        width: 100%;\n                    }\n                    .uacf7-uacf7style-67233 input[type=\"submit\"] {\n                        color: #ffffff;\n                        background-color: #a9c1cb;\n                        font-size: 18px;\n                        font-family: ;\n                        font-style: normal;\n                        font-weight: 700;\n                        border-width: px;\n                        border-color: ;\n                        border-style: ninguno;\n                        border-radius: px;\n                        width: ;\n                        padding-top: 20px;\n                        padding-right: 20px;\n                        padding-bottom: 20px;\n                        padding-left: 20px;\n                        margin-top: 20px;\n                        margin-right: 20px;\n                        margin-bottom: 20px;\n                        margin-left: 20px;\n                    }\n                    .uacf7-uacf7style-67233 input[type=\"submit\"]:hover {\n                        color: #ffffff;\n                        background-color: #1f9bd8;\n                        border-color: ;\n                    }\n                                    <\/style>\n                <div class=\"uacf7-uacf7style uacf7-uacf7style-67233\">            <style>\n                .uacf7-form-67233 ::placeholder {\n                    color: #a9c1cb;\n                    background-color: ;\n                    font-size: px;\n                    font-family: ;\n                    font-style: normal;\n                    font-weight: normal;\n                }\n                .uacf7-form-67233 ::-webkit-input-placeholder { \/* Edge *\/\n                    color: #a9c1cb;\n                    background-color: ;\n                    font-size: px;\n                    font-family: ;\n                    font-style: normal;\n                    font-weight: normal;\n                }\n                .uacf7-form-67233 :-ms-input-placeholder { \/* Internet Explorer 10-11 *\/\n                    color: #a9c1cb;\n                    background-color: ;\n                    font-size: px;\n                    font-family: ;\n                    font-style: normal;\n                    font-weight: normal;\n                }\n            <\/style>\n            <div class=\"uacf7-form-67233\"><div class=\"uacf7-row\"><div class=\"uacf7-col-6\"> <span class=\"wpcf7-form-control-wrap\" data-name=\"nombre\"><input size=\"40\" class=\"wpcf7-form-control wpcf7-text wpcf7-validates-as-required\" aria-required=\"true\" aria-invalid=\"false\" placeholder=\"Nome *\" value=\"\" type=\"text\" name=\"nombre\" \/><\/span> <\/div><div class=\"uacf7-col-6\"> <span class=\"wpcf7-form-control-wrap\" data-name=\"empresa\"><input size=\"40\" class=\"wpcf7-form-control wpcf7-text wpcf7-validates-as-required\" aria-required=\"true\" aria-invalid=\"false\" placeholder=\"Empresa\" value=\"\" type=\"text\" name=\"empresa\" \/><\/span> <\/div><\/div>\n\n<div class=\"uacf7-row\"><div class=\"uacf7-col-6\"> <span class=\"wpcf7-form-control-wrap\" data-name=\"email\"><input size=\"40\" class=\"wpcf7-form-control wpcf7-text wpcf7-email wpcf7-validates-as-required wpcf7-validates-as-email\" aria-required=\"true\" aria-invalid=\"false\" placeholder=\"Email *\" value=\"\" type=\"email\" name=\"email\" \/><\/span> <\/div><div class=\"uacf7-col-6\"> <span class=\"wpcf7-form-control-wrap\" data-name=\"telefono\"><input size=\"40\" class=\"wpcf7-form-control wpcf7-text wpcf7-validates-as-required\" aria-required=\"true\" aria-invalid=\"false\" placeholder=\"Tel\u00e9fono *\" value=\"\" type=\"text\" name=\"telefono\" \/><\/span> <\/div><\/div>\n\n<div class=\"uacf7-row\"><div class=\"uacf7-col-12\"> <span class=\"wpcf7-form-control-wrap\" data-name=\"mensaje\"><textarea cols=\"40\" rows=\"10\" class=\"wpcf7-form-control wpcf7-textarea\" aria-invalid=\"false\" placeholder=\"Mensaxe\" name=\"mensaje\"><\/textarea><\/span> <\/div><\/div>\n\n<div class=\"uacf7-row\"><div class=\"uacf7-col-4\"> <span class=\"wpcf7-form-control-wrap\" data-name=\"archivo\"><input size=\"40\" class=\"wpcf7-form-control wpcf7-file\" accept=\"image\/*,.pdf,.doc,.docx,.xls,.xlsx,.ppt,.pptx,.zip\" aria-invalid=\"false\" type=\"file\" name=\"archivo\" \/><\/span> <\/div><div class=\"uacf7-col-4\">  <\/div><div class=\"uacf7-col-4\">  <\/div><\/div>\n\n<div class=\"uacf7-row\"><div class=\"uacf7-col-12\"> <span class=\"wpcf7-form-control-wrap\" data-name=\"aceptacion\"><span class=\"wpcf7-form-control wpcf7-acceptance\"><span class=\"wpcf7-list-item\"><label><input type=\"checkbox\" name=\"aceptacion\" value=\"1\" aria-invalid=\"false\" \/><span class=\"wpcf7-list-item-label\"><a href=\"\/politica-de-privacidad\/\">Son maior de 14 anos e lin e acepto a Pol\u00edtica de privacidade desta web.<\/a><\/span><\/label><\/span><\/span><\/span> <\/div><\/div>\n\n<div class=\"uacf7-row\"><div class=\"uacf7-col-4\"> <input class=\"wpcf7-form-control has-spinner wpcf7-submit\" type=\"submit\" value=\"Enviar\" \/> <\/div><div class=\"uacf7-col-4\"> <\/div><div class=\"uacf7-col-4\"> <\/div><\/div><\/div><\/div><div class=\"wpcf7-response-output\" aria-hidden=\"true\"><\/div>\n<\/form>\n<\/div>\n<\/div>\n\t\t\t\t<\/div>\n\t\t\t\t<\/div>\n\t\t\t\t<div class=\"elementor-element elementor-element-2c4c172 elementor-widget elementor-widget-text-editor\" data-id=\"2c4c172\" data-element_type=\"widget\" data-widget_type=\"text-editor.default\">\n\t\t\t\t<div class=\"elementor-widget-container\">\n\t\t\t\t\t\t\t<p><strong>INFORMACI\u00d3N B\u00c1SICA SOBRE PROTECCI\u00d3N DE DATOS<\/strong><\/p>\n<p><strong>Responsable:<\/strong> FUNDACI\u00d3N CEL INICIATIVAS POR LUGO<\/p>\n<p><strong>Finalidades:<\/strong> Xesti\u00f3n da s\u00faa solicitude de informaci\u00f3n e\/o contacto.<\/p>\n<p><strong>Lexitimaci\u00f3n:<\/strong> Consentimento do Interesado.<\/p>\n<p><strong>Destinatarios:<\/strong> Non se ceder\u00e1n datos salvo obrigaci\u00f3n legal.<\/p>\n<p><strong>Informaci\u00f3n adicional:<\/strong> Pode consultar a <a href=\"https:\/\/fundacioncel.org\/politica-de-privacidad\/\">informaci\u00f3n adicional e detallada sobre protecci\u00f3n de datos<\/a>.<\/p>\n\t\t\t\t\t\t<\/div>\n\t\t\t\t<\/div>\n\t\t\t\t\t<\/div>\n\t\t<\/div>\n\t\t\t\t\t\t\t<\/div>\n\t\t<\/section>\n\t\t\t\t\t<\/div>\n\t\t<\/div>\n\t\t\t\t\t\t\t<\/div>\n\t\t<\/section>\n\t\t\t\t\t\t\t<\/div>\n\t\t","protected":false},"excerpt":{"rendered":"<p>Cont\u00e1ctanos S\u00edntete libre de contactar connosco en calquera momento e responder\u00e9moste tan pronto como sexa posible. Fundaci\u00f3n CEL Pazo de Feiras e Congresos de LugoEl Palomar s\/n. 27004 Lugo +34 982 284 150 info@fundacioncel.org INFORMACI\u00d3N B\u00c1SICA SOBRE PROTECCI\u00d3N DE DATOS Responsable: FUNDACI\u00d3N CEL INICIATIVAS POR LUGO Finalidades: Xesti\u00f3n da s\u00faa solicitude de informaci\u00f3n e\/o contacto&#8230;.<\/p>\n","protected":false},"author":3,"featured_media":0,"parent":0,"menu_order":0,"comment_status":"closed","ping_status":"closed","template":"","meta":[],"acf":[],"yoast_head":"<!-- This site is optimized with the Yoast SEO plugin v20.7 - https:\/\/yoast.com\/wordpress\/plugins\/seo\/ -->\n<title>Contacta con n\u00f3s - FCEL<\/title>\n<meta name=\"description\" content=\"S\u00edntete libre de contactar connosco en calquera momento e responder\u00e9moste tan pronto como sexa posible.\" \/>\n<meta name=\"robots\" content=\"index, follow, max-snippet:-1, max-image-preview:large, max-video-preview:-1\" \/>\n<link rel=\"canonical\" href=\"https:\/\/fundacioncel.org\/gl\/contacto\/\" \/>\n<meta property=\"og:locale\" content=\"gl_ES\" \/>\n<meta property=\"og:type\" content=\"article\" \/>\n<meta property=\"og:title\" content=\"Contacta con n\u00f3s - FCEL\" \/>\n<meta property=\"og:description\" content=\"S\u00edntete libre de contactar connosco en calquera momento e responder\u00e9moste tan pronto como sexa posible.\" \/>\n<meta property=\"og:url\" content=\"https:\/\/fundacioncel.org\/gl\/contacto\/\" \/>\n<meta property=\"og:site_name\" content=\"FCEL\" \/>\n<meta property=\"article:publisher\" content=\"https:\/\/www.facebook.com\/fundacioncel\" \/>\n<meta property=\"article:modified_time\" content=\"2023-05-10T11:22:23+00:00\" \/>\n<meta name=\"twitter:card\" content=\"summary_large_image\" \/>\n<meta name=\"twitter:site\" content=\"@FUNDACION_CEL\" \/>\n<meta name=\"twitter:label1\" content=\"Tempo de lectura\" \/>\n\t<meta name=\"twitter:data1\" content=\"1 minuto\" \/>\n<script type=\"application\/ld+json\" class=\"yoast-schema-graph\">{\"@context\":\"https:\/\/schema.org\",\"@graph\":[{\"@type\":\"WebPage\",\"@id\":\"https:\/\/fundacioncel.org\/gl\/contacto\/\",\"url\":\"https:\/\/fundacioncel.org\/gl\/contacto\/\",\"name\":\"Contacta con n\u00f3s - FCEL\",\"isPartOf\":{\"@id\":\"https:\/\/fundacioncel.org\/gl\/#website\"},\"datePublished\":\"2022-04-22T05:07:38+00:00\",\"dateModified\":\"2023-05-10T11:22:23+00:00\",\"description\":\"S\u00edntete libre de contactar connosco en calquera momento e responder\u00e9moste tan pronto como sexa posible.\",\"inLanguage\":\"gl-ES\",\"potentialAction\":[{\"@type\":\"ReadAction\",\"target\":[\"https:\/\/fundacioncel.org\/gl\/contacto\/\"]}]},{\"@type\":\"WebSite\",\"@id\":\"https:\/\/fundacioncel.org\/gl\/#website\",\"url\":\"https:\/\/fundacioncel.org\/gl\/\",\"name\":\"FCEL\",\"description\":\"Fomentamos el esp\u00edritu emprendedor\",\"publisher\":{\"@id\":\"https:\/\/fundacioncel.org\/gl\/#organization\"},\"potentialAction\":[{\"@type\":\"SearchAction\",\"target\":{\"@type\":\"EntryPoint\",\"urlTemplate\":\"https:\/\/fundacioncel.org\/gl\/?s={search_term_string}\"},\"query-input\":\"required name=search_term_string\"}],\"inLanguage\":\"gl-ES\"},{\"@type\":\"Organization\",\"@id\":\"https:\/\/fundacioncel.org\/gl\/#organization\",\"name\":\"FCEL\",\"url\":\"https:\/\/fundacioncel.org\/gl\/\",\"logo\":{\"@type\":\"ImageObject\",\"inLanguage\":\"gl-ES\",\"@id\":\"https:\/\/fundacioncel.org\/gl\/#\/schema\/logo\/image\/\",\"url\":\"https:\/\/fundacioncel.org\/wp-content\/uploads\/2022\/09\/logo-fcel.png\",\"contentUrl\":\"https:\/\/fundacioncel.org\/wp-content\/uploads\/2022\/09\/logo-fcel.png\",\"width\":456,\"height\":138,\"caption\":\"FCEL\"},\"image\":{\"@id\":\"https:\/\/fundacioncel.org\/gl\/#\/schema\/logo\/image\/\"},\"sameAs\":[\"https:\/\/www.facebook.com\/fundacioncel\",\"https:\/\/twitter.com\/FUNDACION_CEL\",\"https:\/\/www.linkedin.com\/company\/fundaci-n-cel---iniciativas-por-lugo\",\"https:\/\/www.instagram.com\/fcel1997\/\"]}]}<\/script>\n<!-- \/ Yoast SEO plugin. -->","yoast_head_json":{"title":"Contacta con n\u00f3s - FCEL","description":"S\u00edntete libre de contactar connosco en calquera momento e responder\u00e9moste tan pronto como sexa posible.","robots":{"index":"index","follow":"follow","max-snippet":"max-snippet:-1","max-image-preview":"max-image-preview:large","max-video-preview":"max-video-preview:-1"},"canonical":"https:\/\/fundacioncel.org\/gl\/contacto\/","og_locale":"gl_ES","og_type":"article","og_title":"Contacta con n\u00f3s - FCEL","og_description":"S\u00edntete libre de contactar connosco en calquera momento e responder\u00e9moste tan pronto como sexa posible.","og_url":"https:\/\/fundacioncel.org\/gl\/contacto\/","og_site_name":"FCEL","article_publisher":"https:\/\/www.facebook.com\/fundacioncel","article_modified_time":"2023-05-10T11:22:23+00:00","twitter_card":"summary_large_image","twitter_site":"@FUNDACION_CEL","twitter_misc":{"Tempo de lectura":"1 minuto"},"schema":{"@context":"https:\/\/schema.org","@graph":[{"@type":"WebPage","@id":"https:\/\/fundacioncel.org\/gl\/contacto\/","url":"https:\/\/fundacioncel.org\/gl\/contacto\/","name":"Contacta con n\u00f3s - FCEL","isPartOf":{"@id":"https:\/\/fundacioncel.org\/gl\/#website"},"datePublished":"2022-04-22T05:07:38+00:00","dateModified":"2023-05-10T11:22:23+00:00","description":"S\u00edntete libre de contactar connosco en calquera momento e responder\u00e9moste tan pronto como sexa posible.","inLanguage":"gl-ES","potentialAction":[{"@type":"ReadAction","target":["https:\/\/fundacioncel.org\/gl\/contacto\/"]}]},{"@type":"WebSite","@id":"https:\/\/fundacioncel.org\/gl\/#website","url":"https:\/\/fundacioncel.org\/gl\/","name":"FCEL","description":"Fomentamos el esp\u00edritu emprendedor","publisher":{"@id":"https:\/\/fundacioncel.org\/gl\/#organization"},"potentialAction":[{"@type":"SearchAction","target":{"@type":"EntryPoint","urlTemplate":"https:\/\/fundacioncel.org\/gl\/?s={search_term_string}"},"query-input":"required name=search_term_string"}],"inLanguage":"gl-ES"},{"@type":"Organization","@id":"https:\/\/fundacioncel.org\/gl\/#organization","name":"FCEL","url":"https:\/\/fundacioncel.org\/gl\/","logo":{"@type":"ImageObject","inLanguage":"gl-ES","@id":"https:\/\/fundacioncel.org\/gl\/#\/schema\/logo\/image\/","url":"https:\/\/fundacioncel.org\/wp-content\/uploads\/2022\/09\/logo-fcel.png","contentUrl":"https:\/\/fundacioncel.org\/wp-content\/uploads\/2022\/09\/logo-fcel.png","width":456,"height":138,"caption":"FCEL"},"image":{"@id":"https:\/\/fundacioncel.org\/gl\/#\/schema\/logo\/image\/"},"sameAs":["https:\/\/www.facebook.com\/fundacioncel","https:\/\/twitter.com\/FUNDACION_CEL","https:\/\/www.linkedin.com\/company\/fundaci-n-cel---iniciativas-por-lugo","https:\/\/www.instagram.com\/fcel1997\/"]}]}},"_links":{"self":[{"href":"https:\/\/fundacioncel.org\/gl\/wp-json\/wp\/v2\/pages\/67229"}],"collection":[{"href":"https:\/\/fundacioncel.org\/gl\/wp-json\/wp\/v2\/pages"}],"about":[{"href":"https:\/\/fundacioncel.org\/gl\/wp-json\/wp\/v2\/types\/page"}],"author":[{"embeddable":true,"href":"https:\/\/fundacioncel.org\/gl\/wp-json\/wp\/v2\/users\/3"}],"replies":[{"embeddable":true,"href":"https:\/\/fundacioncel.org\/gl\/wp-json\/wp\/v2\/comments?post=67229"}],"version-history":[{"count":6,"href":"https:\/\/fundacioncel.org\/gl\/wp-json\/wp\/v2\/pages\/67229\/revisions"}],"predecessor-version":[{"id":67366,"href":"https:\/\/fundacioncel.org\/gl\/wp-json\/wp\/v2\/pages\/67229\/revisions\/67366"}],"wp:attachment":[{"href":"https:\/\/fundacioncel.org\/gl\/wp-json\/wp\/v2\/media?parent=67229"}],"curies":[{"name":"wp","href":"https:\/\/api.w.org\/{rel}","templated":true}]}}